{"id":713,"date":"2024-01-27T09:51:30","date_gmt":"2024-01-27T08:51:30","guid":{"rendered":"http:\/\/yhgkungfumontpellier.fr\/?page_id=713"},"modified":"2024-01-27T16:15:38","modified_gmt":"2024-01-27T15:15:38","slug":"formes-aux-armes","status":"publish","type":"page","link":"https:\/\/yhgkungfumontpellier.fr\/?page_id=713","title":{"rendered":"Formes aux armes"},"content":{"rendered":"<div data-colibri-id=\"713-c1\" class=\"style-411 style-local-713-c1 position-relative\">\n  <!---->\n  <div data-colibri-component=\"section\" data-colibri-id=\"713-c2\" id=\"custom\" class=\"h-section h-section-global-spacing d-flex align-items-lg-center align-items-md-center align-items-center style-412 style-local-713-c2 position-relative\">\n    <!---->\n    <!---->\n    <div class=\"h-section-grid-container h-section-boxed-container\">\n      <!---->\n      <div data-colibri-id=\"713-c3\" class=\"h-row-container gutters-row-lg-2 gutters-row-md-2 gutters-row-0 gutters-row-v-lg-2 gutters-row-v-md-2 gutters-row-v-2 style-413 style-local-713-c3 position-relative\">\n        <!---->\n        <div class=\"h-row justify-content-lg-center justify-content-md-center justify-content-center align-items-lg-stretch align-items-md-stretch align-items-stretch gutters-col-lg-2 gutters-col-md-2 gutters-col-0 gutters-col-v-lg-2 gutters-col-v-md-2 gutters-col-v-2\">\n          <!---->\n          <div class=\"h-column h-column-container d-flex h-col-lg-auto h-col-md-auto h-col-auto style-414-outer style-local-713-c4-outer\">\n            <div data-colibri-id=\"713-c4\" class=\"d-flex h-flex-basis h-column__inner h-px-lg-2 h-px-md-2 h-px-2 v-inner-lg-2 v-inner-md-2 v-inner-2 style-414 style-local-713-c4 position-relative\">\n              <!---->\n              <!---->\n              <div class=\"w-100 h-y-container h-column__content h-column__v-align flex-basis-100 align-self-lg-start align-self-md-start align-self-start\">\n                <!---->\n                <div data-colibri-id=\"713-c5\" class=\"h-text h-text-component style-416 style-local-713-c5 position-relative h-element\">\n                  <!---->\n                  <!---->\n                  <div class=\"\">\n                    <p><strong>\u884c\u6708\u5355\u5200 \u2013 Hang Yuet Dan Dao &#8211; Le sabre de lune flottant seul <br><\/strong>\n                      <br>C&#8217;est la premi\u00e8re arme du syst\u00e8me. Elle habitue l\u2019\u00e9l\u00e8ve \u00e0 utiliser un objet comme une extension du corps. La forme enseigne la gr\u00e2ce et l&#8217;agilit\u00e9 ainsi que de nombreuses techniques qui peuvent \u00eatre utilis\u00e9es pour combattre des adversaires\n                      avec des armes \u00e0 longue port\u00e9e, comme une perche ou une lance.\n                      <br>\n                      <br><strong>\u53cc\u5934\u68cd \u2013 Seung Tao Gwan &#8211; Le b\u00e2ton \u00e0 double extr\u00e9mit\u00e9s&nbsp;<\/strong><\/p>\n                    <p>La forme du b\u00e2ton \u00e0 double extr\u00e9mit\u00e9s ou la perche courte contient de nombreuses techniques et mouvements des autres formes d&#8217;armes. Il s\u2019agit sans doute de l\u2019arme la plus pratique, car les objets courts en forme de b\u00e2ton sont souvent\n                      \u00e0 port\u00e9e de main et ne sont pas aussi intrins\u00e8quement mortels que les couteaux ou les \u00e9p\u00e9es. Il apprend \u00e0 l&#8217;\u00e9l\u00e8ve \u00e0 coordonner les deux bras pour g\u00e9n\u00e9rer plus de puissance qu&#8217;un seul bras (connexion du haut du corps) et am\u00e9liore\n                      la puissance au niveau de la taille. La connexion corporelle, ou la capacit\u00e9 \u00e0 coordonner les mouvements du haut et du bas du corps, est am\u00e9lior\u00e9e avec cette forme, bien qu&#8217;elle devienne beaucoup plus d\u00e9velopp\u00e9e lors de l&#8217;entra\u00eenement\n                      de la longue perche.<\/p>\n                    <p>\n                      <br>\n                    <\/p>\n                    <p><strong>\u4e94\u90ce\u516b\u5366\u68cd \u2013 Ng Lung Ba Gwa Gwan &#8211; Le cinqui\u00e8me fr\u00e8re et le diagramme 8 du b\u00e2ton<\/strong><\/p>\n                    <p>Cet ensemble a \u00e9t\u00e9 utilis\u00e9 par Wong Fei Hung pour vaincre un autre ma\u00eetre \u00e0 un tr\u00e8s jeune \u00e2ge. Il constitue la base de toutes les armes \u00e0 longue port\u00e9e du style. La longue perche est souvent appel\u00e9e perche \u00e0 une extr\u00e9mit\u00e9 car de nombreuses\n                      techniques ont \u00e9t\u00e9 d\u00e9riv\u00e9es de la forme de lance de la famille Yang de la dynastie Sung par le cinqui\u00e8me fr\u00e8re : il a coup\u00e9 sa lance pour devenir une perche lorsqu&#8217;il a \u00e9t\u00e9 ordonn\u00e9 moine. Le lien entre les mouvements du haut et du\n                      bas du corps est ici grandement renforc\u00e9, contribuant au pouvoir d\u00e9vastateur si bien connu des techniques du Hung Ga.<\/p>\n                  <\/div>\n                <\/div>\n              <\/div>\n            <\/div>\n          <\/div>\n          <div class=\"h-column h-column-container d-flex h-col-lg-auto h-col-md-auto h-col-auto style-415-outer style-local-713-c6-outer\">\n            <div data-colibri-id=\"713-c6\" class=\"d-flex h-flex-basis h-column__inner h-px-lg-2 h-px-md-2 h-px-2 v-inner-lg-2 v-inner-md-2 v-inner-2 style-415 style-local-713-c6 position-relative\">\n              <!---->\n              <!---->\n              <div class=\"w-100 h-y-container h-column__content h-column__v-align flex-basis-100 align-self-lg-start align-self-md-start align-self-start\">\n                <!---->\n                <div data-colibri-id=\"713-c7\" class=\"d-block style-417 style-local-713-c7 position-relative h-element\">\n                  <!---->\n                  <div class=\"h-image__frame-container-outer\">\n                    <div class=\"h-image__frame-container\">\n                      <!---->\n                      <!---->\n                      <img loading=\"lazy\" decoding=\"async\" width=\"890\" height=\"1920\" src=\"https:\/\/yhgkungfumontpellier.fr\/wp-content\/uploads\/2022\/01\/cropped-IMG_3080-scaled-2.jpg\" class=\"wp-image-774 style-417-image style-local-713-c7-image\" alt=\"\" srcset=\"https:\/\/yhgkungfumontpellier.fr\/wp-content\/uploads\/2022\/01\/cropped-IMG_3080-scaled-2.jpg 890w, https:\/\/yhgkungfumontpellier.fr\/wp-content\/uploads\/2022\/01\/cropped-IMG_3080-scaled-2-139x300.jpg 139w, https:\/\/yhgkungfumontpellier.fr\/wp-content\/uploads\/2022\/01\/cropped-IMG_3080-scaled-2-475x1024.jpg 475w, https:\/\/yhgkungfumontpellier.fr\/wp-content\/uploads\/2022\/01\/cropped-IMG_3080-scaled-2-768x1657.jpg 768w, https:\/\/yhgkungfumontpellier.fr\/wp-content\/uploads\/2022\/01\/cropped-IMG_3080-scaled-2-712x1536.jpg 712w\" sizes=\"auto, (max-width: 890px) 100vw, 890px\" \/>\n                      <div class=\"h-image__frame h-hide-lg h-hide-md h-hide-sm style-417-frameImage style-local-713-c7-frameImage\"><\/div>\n                    <\/div>\n                  <\/div>\n                <\/div>\n              <\/div>\n            <\/div>\n          <\/div>\n        <\/div>\n      <\/div>\n      <div data-colibri-id=\"713-c8\" class=\"h-row-container gutters-row-lg-2 gutters-row-md-2 gutters-row-0 gutters-row-v-lg-2 gutters-row-v-md-2 gutters-row-v-2 style-422 style-local-713-c8 position-relative\">\n        <!---->\n        <div class=\"h-row justify-content-lg-center justify-content-md-center justify-content-center align-items-lg-stretch align-items-md-stretch align-items-stretch gutters-col-lg-2 gutters-col-md-2 gutters-col-0 gutters-col-v-lg-2 gutters-col-v-md-2 gutters-col-v-2\">\n          <!---->\n          <div class=\"h-column h-column-container d-flex h-col-lg-auto h-col-md-auto h-col-auto style-423-outer style-local-713-c9-outer\">\n            <div data-colibri-id=\"713-c9\" class=\"d-flex h-flex-basis h-column__inner h-px-lg-2 h-px-md-2 h-px-2 v-inner-lg-2 v-inner-md-2 v-inner-2 style-423 style-local-713-c9 position-relative\">\n              <!---->\n              <!---->\n              <div class=\"w-100 h-y-container h-column__content h-column__v-align flex-basis-100 align-self-lg-start align-self-md-start align-self-start\">\n                <!---->\n                <div data-colibri-id=\"713-c10\" class=\"d-block style-425 style-local-713-c10 position-relative h-element\">\n                  <!---->\n                  <div class=\"h-image__frame-container-outer\">\n                    <div class=\"h-image__frame-container\">\n                      <!---->\n                      <!---->\n                      <img loading=\"lazy\" decoding=\"async\" width=\"1229\" height=\"544\" src=\"https:\/\/yhgkungfumontpellier.fr\/wp-content\/uploads\/2024\/01\/cropped-IMG_2594.png\" class=\"wp-image-786 style-425-image style-local-713-c10-image\" alt=\"\" srcset=\"https:\/\/yhgkungfumontpellier.fr\/wp-content\/uploads\/2024\/01\/cropped-IMG_2594.png 1229w, https:\/\/yhgkungfumontpellier.fr\/wp-content\/uploads\/2024\/01\/cropped-IMG_2594-300x133.png 300w, https:\/\/yhgkungfumontpellier.fr\/wp-content\/uploads\/2024\/01\/cropped-IMG_2594-1024x453.png 1024w, https:\/\/yhgkungfumontpellier.fr\/wp-content\/uploads\/2024\/01\/cropped-IMG_2594-768x340.png 768w\" sizes=\"auto, (max-width: 1229px) 100vw, 1229px\" \/>\n                      <div class=\"h-image__frame h-hide-lg h-hide-md h-hide-sm style-425-frameImage style-local-713-c10-frameImage\"><\/div>\n                    <\/div>\n                  <\/div>\n                <\/div>\n              <\/div>\n            <\/div>\n          <\/div>\n        <\/div>\n      <\/div>\n      <div data-colibri-id=\"713-c11\" class=\"h-row-container gutters-row-lg-2 gutters-row-md-2 gutters-row-0 gutters-row-v-lg-2 gutters-row-v-md-2 gutters-row-v-2 style-426 style-local-713-c11 position-relative\">\n        <!---->\n        <div class=\"h-row justify-content-lg-center justify-content-md-center justify-content-center align-items-lg-stretch align-items-md-stretch align-items-stretch gutters-col-lg-2 gutters-col-md-2 gutters-col-0 gutters-col-v-lg-2 gutters-col-v-md-2 gutters-col-v-2\">\n          <!---->\n          <div class=\"h-column h-column-container d-flex h-col-lg-auto h-col-md-auto h-col-auto style-427-outer style-local-713-c12-outer\">\n            <div data-colibri-id=\"713-c12\" class=\"d-flex h-flex-basis h-column__inner h-px-lg-2 h-px-md-2 h-px-2 v-inner-lg-2 v-inner-md-2 v-inner-2 style-427 style-local-713-c12 position-relative\">\n              <!---->\n              <!---->\n              <div class=\"w-100 h-y-container h-column__content h-column__v-align flex-basis-100 align-self-lg-start align-self-md-start align-self-start\">\n                <!---->\n                <div data-colibri-id=\"713-c13\" class=\"h-text h-text-component style-429 style-local-713-c13 position-relative h-element\">\n                  <!---->\n                  <!---->\n                  <div class=\"\">\n                    <p><strong>\u5b50\u6bcd\u53cc\u5200 \u2013 Ji Mo Seung Dao &#8211; Les lames de la m\u00e8re et du fils<\/strong><\/p>\n                    <p>Cette forme apprend \u00e0 l&#8217;\u00e9l\u00e8ve \u00e0 s\u00e9parer l&#8217;action de chaque bras, tout en travaillant ensemble (comme la m\u00e8re et le fils \u2013 d&#8217;o\u00f9 le nom). Ils sont \u00e9galement connus sous le nom de \u00ab couteaux papillon \u00bb. Il enseigne \u00e0 l&#8217;\u00e9l\u00e8ve \u00e0 avancer\n                      rapidement dans la garde de l&#8217;adversaire avec des pas rapides car les couteaux sont \u00e0 tr\u00e8s courtes port\u00e9es : le pratiquant doit r\u00e9duire tr\u00e8s rapidement la distance avec l&#8217;adversaire.<\/p>\n                    <p>\n                      <br>\n                    <\/p>\n                    <p><strong>\u4e94\u90ce\u516b\u5366\u67aa \u2013 Ng Lung Ba Gwa Cheung &#8211; Le cinqui\u00e8me fr\u00e8re et le diagramme 8 de la lance<\/strong><\/p>\n                    <p>Cette forme est \u00e0 l&#8217;orgine de&nbsp;<strong>Ng Lung Ba Gwa Gwan<\/strong>. L&#8217;arme est cependant plus l\u00e9g\u00e8re et plus rapide, et met l&#8217;accent sur les coups d&#8217;estoque sur la coupe. Connue sous le nom de \u00ab Roi des armes \u00bb, la forme de lance\n                      int\u00e8gre des techniques utilis\u00e9es dans les formations militaires ainsi que des techniques individuelles.<\/p>\n                    <p>\n                      <br>\n                    <\/p>\n                    <p><strong>\u6625\u79cb\u5927\u5200 \u2013 Chuen Choy Dai Dao &#8211; La grande lame du printemps et de l&#8217;automne<\/strong><\/p>\n                    <p>Il s\u2019agit du fameux \u00ab Gwan Dao \u00bb utilis\u00e9 par le g\u00e9n\u00e9ral Gwan, que l\u2019on voit souvent sur de nombreux autels modernes. Cette arme lourde \u00e0 long manche se concentre sur de grands mouvements puissants tout en coupant et en poussant. La\n                      pratique de cette forme renforce le corps tout entier. Cette arme enseigne \u00e9galement \u00e0 l&#8217;\u00e9l\u00e8ve l&#8217;utilisation de l&#8217;inertie pour \u00e9conomiser de l&#8217;\u00e9nergie plut\u00f4t qu&#8217;\u00e0 utiliser la simple forte brute.&nbsp;<\/p>\n                    <p>\n                      <br>\n                    <\/p>\n                    <p><strong>\u7476\u5bb6\u5927\u6252 \u2013 Yu Ga Dai Pa &#8211; La grande fourche de la famille Yu<\/strong><\/p>\n                    <p>La Tiger Fork est un trident \u00e0 long manche utilis\u00e9 \u00e0 l\u2019origine pour chasser les tigres. Les pratiquants de cette arme deviennent exceptionnellement forts et rapides, car cette arme est lourde et difficile \u00e0 man\u0153uvrer.<\/p>\n                    <p>\n                      <br>\n                    <\/p>\n                    <p><strong>\u725b\u9aa8\u6247 \u2013 Ngauh Gwat Sin &#8211; L&#8217;\u00e9ventail c\u00f4te de B\u0153uf<\/strong><\/p>\n                    <p>Cette forme a \u00e9t\u00e9 cr\u00e9\u00e9e par notre arri\u00e8re grand ma\u00eetre Tang Fung. Il utilise des techniques dissimul\u00e9es \u00e0 courte port\u00e9e, des verrous et des frappes par points de pression pour d\u00e9sactiver un adversaire arm\u00e9 ou non.<\/p>\n                  <\/div>\n                <\/div>\n              <\/div>\n            <\/div>\n          <\/div>\n        <\/div>\n      <\/div>\n    <\/div>\n  <\/div>\n<\/div>","protected":false},"excerpt":{"rendered":"<p>\u884c\u6708\u5355\u5200 \u2013 Hang Yuet Dan Dao &#8211; Le sabre de lune flottant seul C&#8217;est la premi\u00e8re arme du syst\u00e8me. Elle habitue l\u2019\u00e9l\u00e8ve \u00e0 utiliser un objet comme une extension du corps. La forme enseigne la gr\u00e2ce et l&#8217;agilit\u00e9 ainsi que de nombreuses techniques qui peuvent \u00eatre utilis\u00e9es pour combattre des adversaires avec des armes \u00e0 [&hellip;]<\/p>\n","protected":false},"author":1,"featured_media":0,"parent":0,"menu_order":0,"comment_status":"closed","ping_status":"closed","template":"page-templates\/full-width-page.php","meta":{"om_disable_all_campaigns":false,"_monsterinsights_skip_tracking":false,"_monsterinsights_sitenote_active":false,"_monsterinsights_sitenote_note":"","_monsterinsights_sitenote_category":0,"footnotes":""},"class_list":["post-713","page","type-page","status-publish","hentry"],"yoast_head":"<!-- This site is optimized with the Yoast SEO plugin v18.0 - https:\/\/yoast.com\/wordpress\/plugins\/seo\/ -->\n<title>Formes aux armes - Yee&#039;s Hung Ga Kung Fu Montpellier - COURS<\/title>\n<meta name=\"robots\" content=\"index, follow, max-snippet:-1, max-image-preview:large, max-video-preview:-1\" \/>\n<link rel=\"canonical\" href=\"https:\/\/yhgkungfumontpellier.fr\/?page_id=713\" \/>\n<meta property=\"og:locale\" content=\"en_US\" \/>\n<meta property=\"og:type\" content=\"article\" \/>\n<meta property=\"og:title\" content=\"Formes aux armes - Yee&#039;s Hung Ga Kung Fu Montpellier - COURS\" \/>\n<meta property=\"og:description\" content=\"\u884c\u6708\u5355\u5200 \u2013 Hang Yuet Dan Dao &#8211; Le sabre de lune flottant seul C&#8217;est la premi\u00e8re arme du syst\u00e8me. Elle habitue l\u2019\u00e9l\u00e8ve \u00e0 utiliser un objet comme une extension du corps. La forme enseigne la gr\u00e2ce et l&#8217;agilit\u00e9 ainsi que de nombreuses techniques qui peuvent \u00eatre utilis\u00e9es pour combattre des adversaires avec des armes \u00e0 [&hellip;]\" \/>\n<meta property=\"og:url\" content=\"https:\/\/yhgkungfumontpellier.fr\/?page_id=713\" \/>\n<meta property=\"og:site_name\" content=\"Yee&#039;s Hung Ga Kung Fu Montpellier - COURS\" \/>\n<meta property=\"article:publisher\" content=\"https:\/\/fr-fr.facebook.com\/yeeshunggafrance\/\" \/>\n<meta property=\"article:modified_time\" content=\"2024-01-27T15:15:38+00:00\" \/>\n<meta property=\"og:image\" content=\"http:\/\/yhgkungfumontpellier.fr\/wp-content\/uploads\/2022\/01\/cropped-IMG_3080-scaled-2.jpg\" \/>\n<meta name=\"twitter:card\" content=\"summary_large_image\" \/>\n<meta name=\"twitter:label1\" content=\"Est. reading time\" \/>\n\t<meta name=\"twitter:data1\" content=\"3 minutes\" \/>\n<script type=\"application\/ld+json\" class=\"yoast-schema-graph\">{\"@context\":\"https:\/\/schema.org\",\"@graph\":[{\"@type\":\"Organization\",\"@id\":\"https:\/\/yhgkungfumontpellier.fr\/#organization\",\"name\":\"Yee's Hung Ga Kung Fu Montpellier\",\"url\":\"https:\/\/yhgkungfumontpellier.fr\/\",\"sameAs\":[\"https:\/\/fr-fr.facebook.com\/yeeshunggafrance\/\",\"https:\/\/www.instagram.com\/yhgmontpellier\/\",\"https:\/\/www.youtube.com\/channel\/UC_-w28yUQa64v8PVZTrOA2Q?app=desktop\"],\"logo\":{\"@type\":\"ImageObject\",\"@id\":\"https:\/\/yhgkungfumontpellier.fr\/#logo\",\"inLanguage\":\"en-US\",\"url\":\"http:\/\/yhgkungfumontpellier.fr\/wp-content\/uploads\/2022\/01\/cropped-cropped-Christian_YHG_Rouge-big.png\",\"contentUrl\":\"http:\/\/yhgkungfumontpellier.fr\/wp-content\/uploads\/2022\/01\/cropped-cropped-Christian_YHG_Rouge-big.png\",\"width\":1998,\"height\":1701,\"caption\":\"Yee's Hung Ga Kung Fu Montpellier\"},\"image\":{\"@id\":\"https:\/\/yhgkungfumontpellier.fr\/#logo\"}},{\"@type\":\"WebSite\",\"@id\":\"https:\/\/yhgkungfumontpellier.fr\/#website\",\"url\":\"https:\/\/yhgkungfumontpellier.fr\/\",\"name\":\"Yee&#039;s Hung Ga Kung Fu Montpellier - COURS\",\"description\":\"Yee&#039;s Hung Ga Kung Fu Montpellier - Art martial\",\"publisher\":{\"@id\":\"https:\/\/yhgkungfumontpellier.fr\/#organization\"},\"potentialAction\":[{\"@type\":\"SearchAction\",\"target\":{\"@type\":\"EntryPoint\",\"urlTemplate\":\"https:\/\/yhgkungfumontpellier.fr\/?s={search_term_string}\"},\"query-input\":\"required name=search_term_string\"}],\"inLanguage\":\"en-US\"},{\"@type\":\"ImageObject\",\"@id\":\"https:\/\/yhgkungfumontpellier.fr\/?page_id=713#primaryimage\",\"inLanguage\":\"en-US\",\"url\":\"http:\/\/yhgkungfumontpellier.fr\/wp-content\/uploads\/2022\/01\/cropped-IMG_3080-scaled-2.jpg\",\"contentUrl\":\"http:\/\/yhgkungfumontpellier.fr\/wp-content\/uploads\/2022\/01\/cropped-IMG_3080-scaled-2.jpg\"},{\"@type\":\"WebPage\",\"@id\":\"https:\/\/yhgkungfumontpellier.fr\/?page_id=713#webpage\",\"url\":\"https:\/\/yhgkungfumontpellier.fr\/?page_id=713\",\"name\":\"Formes aux armes - Yee&#039;s Hung Ga Kung Fu Montpellier - COURS\",\"isPartOf\":{\"@id\":\"https:\/\/yhgkungfumontpellier.fr\/#website\"},\"primaryImageOfPage\":{\"@id\":\"https:\/\/yhgkungfumontpellier.fr\/?page_id=713#primaryimage\"},\"datePublished\":\"2024-01-27T08:51:30+00:00\",\"dateModified\":\"2024-01-27T15:15:38+00:00\",\"breadcrumb\":{\"@id\":\"https:\/\/yhgkungfumontpellier.fr\/?page_id=713#breadcrumb\"},\"inLanguage\":\"en-US\",\"potentialAction\":[{\"@type\":\"ReadAction\",\"target\":[\"https:\/\/yhgkungfumontpellier.fr\/?page_id=713\"]}]},{\"@type\":\"BreadcrumbList\",\"@id\":\"https:\/\/yhgkungfumontpellier.fr\/?page_id=713#breadcrumb\",\"itemListElement\":[{\"@type\":\"ListItem\",\"position\":1,\"name\":\"Accueil\",\"item\":\"https:\/\/yhgkungfumontpellier.fr\/\"},{\"@type\":\"ListItem\",\"position\":2,\"name\":\"Formes aux armes\"}]}]}<\/script>\n<!-- \/ Yoast SEO plugin. -->","yoast_head_json":{"title":"Formes aux armes - Yee&#039;s Hung Ga Kung Fu Montpellier - COURS","robots":{"index":"index","follow":"follow","max-snippet":"max-snippet:-1","max-image-preview":"max-image-preview:large","max-video-preview":"max-video-preview:-1"},"canonical":"https:\/\/yhgkungfumontpellier.fr\/?page_id=713","og_locale":"en_US","og_type":"article","og_title":"Formes aux armes - Yee&#039;s Hung Ga Kung Fu Montpellier - COURS","og_description":"\u884c\u6708\u5355\u5200 \u2013 Hang Yuet Dan Dao &#8211; Le sabre de lune flottant seul C&#8217;est la premi\u00e8re arme du syst\u00e8me. Elle habitue l\u2019\u00e9l\u00e8ve \u00e0 utiliser un objet comme une extension du corps. La forme enseigne la gr\u00e2ce et l&#8217;agilit\u00e9 ainsi que de nombreuses techniques qui peuvent \u00eatre utilis\u00e9es pour combattre des adversaires avec des armes \u00e0 [&hellip;]","og_url":"https:\/\/yhgkungfumontpellier.fr\/?page_id=713","og_site_name":"Yee&#039;s Hung Ga Kung Fu Montpellier - COURS","article_publisher":"https:\/\/fr-fr.facebook.com\/yeeshunggafrance\/","article_modified_time":"2024-01-27T15:15:38+00:00","og_image":[{"url":"http:\/\/yhgkungfumontpellier.fr\/wp-content\/uploads\/2022\/01\/cropped-IMG_3080-scaled-2.jpg"}],"twitter_card":"summary_large_image","twitter_misc":{"Est. reading time":"3 minutes"},"schema":{"@context":"https:\/\/schema.org","@graph":[{"@type":"Organization","@id":"https:\/\/yhgkungfumontpellier.fr\/#organization","name":"Yee's Hung Ga Kung Fu Montpellier","url":"https:\/\/yhgkungfumontpellier.fr\/","sameAs":["https:\/\/fr-fr.facebook.com\/yeeshunggafrance\/","https:\/\/www.instagram.com\/yhgmontpellier\/","https:\/\/www.youtube.com\/channel\/UC_-w28yUQa64v8PVZTrOA2Q?app=desktop"],"logo":{"@type":"ImageObject","@id":"https:\/\/yhgkungfumontpellier.fr\/#logo","inLanguage":"en-US","url":"http:\/\/yhgkungfumontpellier.fr\/wp-content\/uploads\/2022\/01\/cropped-cropped-Christian_YHG_Rouge-big.png","contentUrl":"http:\/\/yhgkungfumontpellier.fr\/wp-content\/uploads\/2022\/01\/cropped-cropped-Christian_YHG_Rouge-big.png","width":1998,"height":1701,"caption":"Yee's Hung Ga Kung Fu Montpellier"},"image":{"@id":"https:\/\/yhgkungfumontpellier.fr\/#logo"}},{"@type":"WebSite","@id":"https:\/\/yhgkungfumontpellier.fr\/#website","url":"https:\/\/yhgkungfumontpellier.fr\/","name":"Yee&#039;s Hung Ga Kung Fu Montpellier - COURS","description":"Yee&#039;s Hung Ga Kung Fu Montpellier - Art martial","publisher":{"@id":"https:\/\/yhgkungfumontpellier.fr\/#organization"},"potentialAction":[{"@type":"SearchAction","target":{"@type":"EntryPoint","urlTemplate":"https:\/\/yhgkungfumontpellier.fr\/?s={search_term_string}"},"query-input":"required name=search_term_string"}],"inLanguage":"en-US"},{"@type":"ImageObject","@id":"https:\/\/yhgkungfumontpellier.fr\/?page_id=713#primaryimage","inLanguage":"en-US","url":"http:\/\/yhgkungfumontpellier.fr\/wp-content\/uploads\/2022\/01\/cropped-IMG_3080-scaled-2.jpg","contentUrl":"http:\/\/yhgkungfumontpellier.fr\/wp-content\/uploads\/2022\/01\/cropped-IMG_3080-scaled-2.jpg"},{"@type":"WebPage","@id":"https:\/\/yhgkungfumontpellier.fr\/?page_id=713#webpage","url":"https:\/\/yhgkungfumontpellier.fr\/?page_id=713","name":"Formes aux armes - Yee&#039;s Hung Ga Kung Fu Montpellier - COURS","isPartOf":{"@id":"https:\/\/yhgkungfumontpellier.fr\/#website"},"primaryImageOfPage":{"@id":"https:\/\/yhgkungfumontpellier.fr\/?page_id=713#primaryimage"},"datePublished":"2024-01-27T08:51:30+00:00","dateModified":"2024-01-27T15:15:38+00:00","breadcrumb":{"@id":"https:\/\/yhgkungfumontpellier.fr\/?page_id=713#breadcrumb"},"inLanguage":"en-US","potentialAction":[{"@type":"ReadAction","target":["https:\/\/yhgkungfumontpellier.fr\/?page_id=713"]}]},{"@type":"BreadcrumbList","@id":"https:\/\/yhgkungfumontpellier.fr\/?page_id=713#breadcrumb","itemListElement":[{"@type":"ListItem","position":1,"name":"Accueil","item":"https:\/\/yhgkungfumontpellier.fr\/"},{"@type":"ListItem","position":2,"name":"Formes aux armes"}]}]}},"_links":{"self":[{"href":"https:\/\/yhgkungfumontpellier.fr\/index.php?rest_route=\/wp\/v2\/pages\/713","targetHints":{"allow":["GET"]}}],"collection":[{"href":"https:\/\/yhgkungfumontpellier.fr\/index.php?rest_route=\/wp\/v2\/pages"}],"about":[{"href":"https:\/\/yhgkungfumontpellier.fr\/index.php?rest_route=\/wp\/v2\/types\/page"}],"author":[{"embeddable":true,"href":"https:\/\/yhgkungfumontpellier.fr\/index.php?rest_route=\/wp\/v2\/users\/1"}],"replies":[{"embeddable":true,"href":"https:\/\/yhgkungfumontpellier.fr\/index.php?rest_route=%2Fwp%2Fv2%2Fcomments&post=713"}],"version-history":[{"count":9,"href":"https:\/\/yhgkungfumontpellier.fr\/index.php?rest_route=\/wp\/v2\/pages\/713\/revisions"}],"predecessor-version":[{"id":829,"href":"https:\/\/yhgkungfumontpellier.fr\/index.php?rest_route=\/wp\/v2\/pages\/713\/revisions\/829"}],"wp:attachment":[{"href":"https:\/\/yhgkungfumontpellier.fr\/index.php?rest_route=%2Fwp%2Fv2%2Fmedia&parent=713"}],"curies":[{"name":"wp","href":"https:\/\/api.w.org\/{rel}","templated":true}]}}