{"id":706,"date":"2024-01-26T10:12:50","date_gmt":"2024-01-26T09:12:50","guid":{"rendered":"http:\/\/yhgkungfumontpellier.fr\/?page_id=706"},"modified":"2024-01-27T16:17:19","modified_gmt":"2024-01-27T15:17:19","slug":"formes-a-mains-nues","status":"publish","type":"page","link":"https:\/\/yhgkungfumontpellier.fr\/?page_id=706","title":{"rendered":"Formes \u00e0 mains nues"},"content":{"rendered":"<div data-colibri-id=\"706-c1\" class=\"style-399 style-local-706-c1 position-relative\">\n  <!---->\n  <div data-colibri-component=\"section\" data-colibri-id=\"706-c2\" id=\"custom\" class=\"h-section h-section-global-spacing d-flex align-items-lg-center align-items-md-center align-items-center style-400 style-local-706-c2 position-relative\">\n    <!---->\n    <!---->\n    <div class=\"h-section-grid-container h-section-boxed-container\">\n      <!---->\n      <div data-colibri-id=\"706-c3\" class=\"h-row-container gutters-row-lg-2 gutters-row-md-2 gutters-row-0 gutters-row-v-lg-2 gutters-row-v-md-2 gutters-row-v-2 style-401 style-local-706-c3 position-relative\">\n        <!---->\n        <div class=\"h-row justify-content-lg-center justify-content-md-center justify-content-center align-items-lg-stretch align-items-md-stretch align-items-stretch gutters-col-lg-2 gutters-col-md-2 gutters-col-0 gutters-col-v-lg-2 gutters-col-v-md-2 gutters-col-v-2\">\n          <!---->\n          <div class=\"h-column h-column-container d-flex h-col-lg-auto h-col-md-auto h-col-auto style-402-outer style-local-706-c4-outer\">\n            <div data-colibri-id=\"706-c4\" class=\"d-flex h-flex-basis h-column__inner h-px-lg-2 h-px-md-2 h-px-2 v-inner-lg-2 v-inner-md-2 v-inner-2 style-402 style-local-706-c4 position-relative\">\n              <!---->\n              <!---->\n              <div class=\"w-100 h-y-container h-column__content h-column__v-align flex-basis-100 align-self-lg-start align-self-md-start align-self-start\">\n                <!---->\n                <div data-colibri-id=\"706-c5\" class=\"d-block style-409 style-local-706-c5 position-relative h-element\">\n                  <!---->\n                  <div class=\"h-image__frame-container-outer\">\n                    <div class=\"h-image__frame-container\">\n                      <!---->\n                      <!---->\n                      <img loading=\"lazy\" decoding=\"async\" width=\"1040\" height=\"1707\" src=\"https:\/\/yhgkungfumontpellier.fr\/wp-content\/uploads\/2022\/01\/cropped-cropped-DSC05904-scaled-1.jpg\" class=\"wp-image-711 style-409-image style-local-706-c5-image\" alt=\"\" srcset=\"https:\/\/yhgkungfumontpellier.fr\/wp-content\/uploads\/2022\/01\/cropped-cropped-DSC05904-scaled-1.jpg 1040w, https:\/\/yhgkungfumontpellier.fr\/wp-content\/uploads\/2022\/01\/cropped-cropped-DSC05904-scaled-1-183x300.jpg 183w, https:\/\/yhgkungfumontpellier.fr\/wp-content\/uploads\/2022\/01\/cropped-cropped-DSC05904-scaled-1-624x1024.jpg 624w, https:\/\/yhgkungfumontpellier.fr\/wp-content\/uploads\/2022\/01\/cropped-cropped-DSC05904-scaled-1-768x1261.jpg 768w, https:\/\/yhgkungfumontpellier.fr\/wp-content\/uploads\/2022\/01\/cropped-cropped-DSC05904-scaled-1-936x1536.jpg 936w\" sizes=\"auto, (max-width: 1040px) 100vw, 1040px\" \/>\n                      <div class=\"h-image__frame h-hide-lg h-hide-md h-hide-sm style-409-frameImage style-local-706-c5-frameImage\"><\/div>\n                    <\/div>\n                  <\/div>\n                <\/div>\n              <\/div>\n            <\/div>\n          <\/div>\n          <div class=\"h-column h-column-container d-flex h-col-lg-auto h-col-md-auto h-col-auto style-403-outer style-local-706-c6-outer\">\n            <div data-colibri-id=\"706-c6\" class=\"d-flex h-flex-basis h-column__inner h-px-lg-2 h-px-md-2 h-px-2 v-inner-lg-2 v-inner-md-2 v-inner-2 style-403 style-local-706-c6 position-relative\">\n              <!---->\n              <!---->\n              <div class=\"w-100 h-y-container h-column__content h-column__v-align flex-basis-100 align-self-lg-start align-self-md-start align-self-start\">\n                <!---->\n                <div data-colibri-id=\"706-c7\" class=\"h-text h-text-component style-404 style-local-706-c7 position-relative h-element\">\n                  <!---->\n                  <!---->\n                  <div class=\"\">\n                    <p><strong>\u5de5\u5b57\u4f0f\u864e\u62f3 &#8211; Gung Ji Fook Fu Kuen &#8211; Apprivoiser le tigre dans une forme de forme &#8220;<\/strong><strong style=\"font-size: 16px; font-family: &quot;Open Sans&quot;; color: rgb(102, 102, 102);\">\u5de5<\/strong><strong>&#8220;<\/strong><\/p>\n                    <p>Ce premier encha\u00eenement enseigne les postures et les techniques de bases du Hung Kuen. Elle aide \u00e0 d\u00e9velopper les fondations et l&#8217;\u00e9l\u00e8ve apprend o\u00f9 et comment poser ses pieds. Plusieurs aspects importants sont d\u00e9velopp\u00e9s dans cet enchainement\n                      comme de profondes inspirations et la coordination entre la respiration et les mouvements. Le corps entier est renforc\u00e9&nbsp;et l&#8217;endurance ainsi que la vigueur sont nettement am\u00e9lior\u00e9es.&nbsp;\n                      <br>\n                      <br><strong>\u864e\u9e64\u53cc\u5f62\u62f3 &#8211;&nbsp;Fu Hok Seurng Ying Kuen &#8211; La double forme du Tigre et de la Grue<\/strong><\/p>\n                    <p>Cette seconde forme renforce les fondamentaux acquis dans <strong>Gung Ji Fuk Fu Kuen<\/strong>. Cette forme se focalise davantage sur les aspects martiaux avec des techniques combat plus \u00e9videntes.&nbsp;Cette forme introduit la th\u00e9orie\n                      du l&#8217;\u00e9nergie dur et souple repr\u00e9sent\u00e9es par le tigre et la grue. Le tigre est explosive et ses frappes sont dures alors que la grue utilise davantage des attaques fouett\u00e9es. Cette forme contient beaucoup de mouvements connus, qui\n                      peuvent \u00eatre travailler ind\u00e9pendamment, comme les dix attaques du tigre, les points des cinq \u00e9l\u00e9ments, la base de la boxe ivre et les dix techniques de mains mortels.\n                      <br>\n                    <\/p>\n                    <p><strong>\u4e94\u5f62\u62f3 \u2013 Ng Ying Kuen &#8211; La forme des cinq animaux<\/strong><\/p>\n                    <p>Cet encha\u00eenement enseigne les techniques des 5 animaux. Le Dragon d\u00e9veloppe l&#8217;\u00e2me, les connexions du corps.&nbsp;<span style=\"color: rgb(102, 102, 102); font-family: &quot;Open Sans&quot;; font-size: 16px; font-weight: 400;\">Le Serpent d\u00e9veloppe les doigts, la circulation du Qi, le contr\u00f4le et les techniques d&#8217;attaques de points vitaux du corps.&nbsp;<\/span>Le\n                      Tigre d\u00e9veloppe l&#8217;esprit, la technique des griffes, la force des os et des tendons. Le L\u00e9opard d\u00e9veloppe la vitesse, la force et \u00ab Tsop Choy \u00bb (coup per\u00e7ant).&nbsp;<span style=\"color: rgb(102, 102, 102); font-family: &quot;Open Sans&quot;; font-size: 16px; font-weight: 400;\">La Grue d\u00e9veloppe la gr\u00e2ce, le contr\u00f4le, l&#8217;\u00e9quilibre.<\/span>\n                      <br>\n                    <\/p>\n                    <p><strong>\u94c1\u7ebf\u62f3 \u2013 Tiet Sin Kuen &#8211; la forme du fil de fer<\/strong><\/p>\n                    <p>\u00ab Les poings de fer \u00bb, d\u00e9velopp\u00e9e par Tiet Kiu Saam, membre du Kwang Tung Sup Fu (Les 10 Tigres de Canton), est la forme la plus avanc\u00e9e du syst\u00e8me Hung Ga. Elle entraine le corps \u00e0 s&#8217;ouvrir et se fermer, \u00e0 s&#8217;\u00e9l\u00e9ver et se baisser.\n                      Elle entraine aussi la philosophie des 12 liaisons et la justesse du souffle.<\/p>\n                    <p><strong>\u8fbe\u6469\u6613\u7b4b\u7ecf \u2013 Dat Mo Yit Gung Ging &#8211; Classique de la transformation des muscles et des tendons<\/strong><\/p>\n                    <p>Cette technique avanc\u00e9e a \u00e9t\u00e9 enseign\u00e9e d&#8217;abord par Dat Mo (Bodhidarma) aux moines du temple Siu Lum avec le bouddhisme de Chan\/Zen d&#8217;Inde. Cet encha\u00eenement entraine le corps entier \u00e0 travers 14 exercices de respiration et de renforcement.<\/p>\n                  <\/div>\n                <\/div>\n              <\/div>\n            <\/div>\n          <\/div>\n        <\/div>\n      <\/div>\n    <\/div>\n  <\/div>\n<\/div>","protected":false},"excerpt":{"rendered":"<p>\u5de5\u5b57\u4f0f\u864e\u62f3 &#8211; Gung Ji Fook Fu Kuen &#8211; Apprivoiser le tigre dans une forme de forme &#8220;\u5de5&#8220; Ce premier encha\u00eenement enseigne les postures et les techniques de bases du Hung Kuen. Elle aide \u00e0 d\u00e9velopper les fondations et l&#8217;\u00e9l\u00e8ve apprend o\u00f9 et comment poser ses pieds. Plusieurs aspects importants sont d\u00e9velopp\u00e9s dans cet enchainement comme [&hellip;]<\/p>\n","protected":false},"author":1,"featured_media":0,"parent":0,"menu_order":0,"comment_status":"closed","ping_status":"closed","template":"page-templates\/full-width-page.php","meta":{"om_disable_all_campaigns":false,"_monsterinsights_skip_tracking":false,"_monsterinsights_sitenote_active":false,"_monsterinsights_sitenote_note":"","_monsterinsights_sitenote_category":0,"footnotes":""},"class_list":["post-706","page","type-page","status-publish","hentry"],"yoast_head":"<!-- This site is optimized with the Yoast SEO plugin v18.0 - https:\/\/yoast.com\/wordpress\/plugins\/seo\/ -->\n<title>Formes \u00e0 mains nues - Yee&#039;s Hung Ga Kung Fu Montpellier - COURS<\/title>\n<meta name=\"robots\" content=\"index, follow, max-snippet:-1, max-image-preview:large, max-video-preview:-1\" \/>\n<link rel=\"canonical\" href=\"https:\/\/yhgkungfumontpellier.fr\/?page_id=706\" \/>\n<meta property=\"og:locale\" content=\"en_US\" \/>\n<meta property=\"og:type\" content=\"article\" \/>\n<meta property=\"og:title\" content=\"Formes \u00e0 mains nues - Yee&#039;s Hung Ga Kung Fu Montpellier - COURS\" \/>\n<meta property=\"og:description\" content=\"\u5de5\u5b57\u4f0f\u864e\u62f3 &#8211; Gung Ji Fook Fu Kuen &#8211; Apprivoiser le tigre dans une forme de forme &#8220;\u5de5&#8220; Ce premier encha\u00eenement enseigne les postures et les techniques de bases du Hung Kuen. Elle aide \u00e0 d\u00e9velopper les fondations et l&#8217;\u00e9l\u00e8ve apprend o\u00f9 et comment poser ses pieds. Plusieurs aspects importants sont d\u00e9velopp\u00e9s dans cet enchainement comme [&hellip;]\" \/>\n<meta property=\"og:url\" content=\"https:\/\/yhgkungfumontpellier.fr\/?page_id=706\" \/>\n<meta property=\"og:site_name\" content=\"Yee&#039;s Hung Ga Kung Fu Montpellier - COURS\" \/>\n<meta property=\"article:publisher\" content=\"https:\/\/fr-fr.facebook.com\/yeeshunggafrance\/\" \/>\n<meta property=\"article:modified_time\" content=\"2024-01-27T15:17:19+00:00\" \/>\n<meta property=\"og:image\" content=\"http:\/\/yhgkungfumontpellier.fr\/wp-content\/uploads\/2022\/01\/cropped-cropped-DSC05904-scaled-1.jpg\" \/>\n<meta name=\"twitter:card\" content=\"summary_large_image\" \/>\n<meta name=\"twitter:label1\" content=\"Est. reading time\" \/>\n\t<meta name=\"twitter:data1\" content=\"2 minutes\" \/>\n<script type=\"application\/ld+json\" class=\"yoast-schema-graph\">{\"@context\":\"https:\/\/schema.org\",\"@graph\":[{\"@type\":\"Organization\",\"@id\":\"https:\/\/yhgkungfumontpellier.fr\/#organization\",\"name\":\"Yee's Hung Ga Kung Fu Montpellier\",\"url\":\"https:\/\/yhgkungfumontpellier.fr\/\",\"sameAs\":[\"https:\/\/fr-fr.facebook.com\/yeeshunggafrance\/\",\"https:\/\/www.instagram.com\/yhgmontpellier\/\",\"https:\/\/www.youtube.com\/channel\/UC_-w28yUQa64v8PVZTrOA2Q?app=desktop\"],\"logo\":{\"@type\":\"ImageObject\",\"@id\":\"https:\/\/yhgkungfumontpellier.fr\/#logo\",\"inLanguage\":\"en-US\",\"url\":\"http:\/\/yhgkungfumontpellier.fr\/wp-content\/uploads\/2022\/01\/cropped-cropped-Christian_YHG_Rouge-big.png\",\"contentUrl\":\"http:\/\/yhgkungfumontpellier.fr\/wp-content\/uploads\/2022\/01\/cropped-cropped-Christian_YHG_Rouge-big.png\",\"width\":1998,\"height\":1701,\"caption\":\"Yee's Hung Ga Kung Fu Montpellier\"},\"image\":{\"@id\":\"https:\/\/yhgkungfumontpellier.fr\/#logo\"}},{\"@type\":\"WebSite\",\"@id\":\"https:\/\/yhgkungfumontpellier.fr\/#website\",\"url\":\"https:\/\/yhgkungfumontpellier.fr\/\",\"name\":\"Yee&#039;s Hung Ga Kung Fu Montpellier - COURS\",\"description\":\"Yee&#039;s Hung Ga Kung Fu Montpellier - Art martial\",\"publisher\":{\"@id\":\"https:\/\/yhgkungfumontpellier.fr\/#organization\"},\"potentialAction\":[{\"@type\":\"SearchAction\",\"target\":{\"@type\":\"EntryPoint\",\"urlTemplate\":\"https:\/\/yhgkungfumontpellier.fr\/?s={search_term_string}\"},\"query-input\":\"required name=search_term_string\"}],\"inLanguage\":\"en-US\"},{\"@type\":\"ImageObject\",\"@id\":\"https:\/\/yhgkungfumontpellier.fr\/?page_id=706#primaryimage\",\"inLanguage\":\"en-US\",\"url\":\"http:\/\/yhgkungfumontpellier.fr\/wp-content\/uploads\/2022\/01\/cropped-cropped-DSC05904-scaled-1.jpg\",\"contentUrl\":\"http:\/\/yhgkungfumontpellier.fr\/wp-content\/uploads\/2022\/01\/cropped-cropped-DSC05904-scaled-1.jpg\"},{\"@type\":\"WebPage\",\"@id\":\"https:\/\/yhgkungfumontpellier.fr\/?page_id=706#webpage\",\"url\":\"https:\/\/yhgkungfumontpellier.fr\/?page_id=706\",\"name\":\"Formes \u00e0 mains nues - Yee&#039;s Hung Ga Kung Fu Montpellier - COURS\",\"isPartOf\":{\"@id\":\"https:\/\/yhgkungfumontpellier.fr\/#website\"},\"primaryImageOfPage\":{\"@id\":\"https:\/\/yhgkungfumontpellier.fr\/?page_id=706#primaryimage\"},\"datePublished\":\"2024-01-26T09:12:50+00:00\",\"dateModified\":\"2024-01-27T15:17:19+00:00\",\"breadcrumb\":{\"@id\":\"https:\/\/yhgkungfumontpellier.fr\/?page_id=706#breadcrumb\"},\"inLanguage\":\"en-US\",\"potentialAction\":[{\"@type\":\"ReadAction\",\"target\":[\"https:\/\/yhgkungfumontpellier.fr\/?page_id=706\"]}]},{\"@type\":\"BreadcrumbList\",\"@id\":\"https:\/\/yhgkungfumontpellier.fr\/?page_id=706#breadcrumb\",\"itemListElement\":[{\"@type\":\"ListItem\",\"position\":1,\"name\":\"Accueil\",\"item\":\"https:\/\/yhgkungfumontpellier.fr\/\"},{\"@type\":\"ListItem\",\"position\":2,\"name\":\"Formes \u00e0 mains nues\"}]}]}<\/script>\n<!-- \/ Yoast SEO plugin. -->","yoast_head_json":{"title":"Formes \u00e0 mains nues - Yee&#039;s Hung Ga Kung Fu Montpellier - COURS","robots":{"index":"index","follow":"follow","max-snippet":"max-snippet:-1","max-image-preview":"max-image-preview:large","max-video-preview":"max-video-preview:-1"},"canonical":"https:\/\/yhgkungfumontpellier.fr\/?page_id=706","og_locale":"en_US","og_type":"article","og_title":"Formes \u00e0 mains nues - Yee&#039;s Hung Ga Kung Fu Montpellier - COURS","og_description":"\u5de5\u5b57\u4f0f\u864e\u62f3 &#8211; Gung Ji Fook Fu Kuen &#8211; Apprivoiser le tigre dans une forme de forme &#8220;\u5de5&#8220; Ce premier encha\u00eenement enseigne les postures et les techniques de bases du Hung Kuen. Elle aide \u00e0 d\u00e9velopper les fondations et l&#8217;\u00e9l\u00e8ve apprend o\u00f9 et comment poser ses pieds. Plusieurs aspects importants sont d\u00e9velopp\u00e9s dans cet enchainement comme [&hellip;]","og_url":"https:\/\/yhgkungfumontpellier.fr\/?page_id=706","og_site_name":"Yee&#039;s Hung Ga Kung Fu Montpellier - COURS","article_publisher":"https:\/\/fr-fr.facebook.com\/yeeshunggafrance\/","article_modified_time":"2024-01-27T15:17:19+00:00","og_image":[{"url":"http:\/\/yhgkungfumontpellier.fr\/wp-content\/uploads\/2022\/01\/cropped-cropped-DSC05904-scaled-1.jpg"}],"twitter_card":"summary_large_image","twitter_misc":{"Est. reading time":"2 minutes"},"schema":{"@context":"https:\/\/schema.org","@graph":[{"@type":"Organization","@id":"https:\/\/yhgkungfumontpellier.fr\/#organization","name":"Yee's Hung Ga Kung Fu Montpellier","url":"https:\/\/yhgkungfumontpellier.fr\/","sameAs":["https:\/\/fr-fr.facebook.com\/yeeshunggafrance\/","https:\/\/www.instagram.com\/yhgmontpellier\/","https:\/\/www.youtube.com\/channel\/UC_-w28yUQa64v8PVZTrOA2Q?app=desktop"],"logo":{"@type":"ImageObject","@id":"https:\/\/yhgkungfumontpellier.fr\/#logo","inLanguage":"en-US","url":"http:\/\/yhgkungfumontpellier.fr\/wp-content\/uploads\/2022\/01\/cropped-cropped-Christian_YHG_Rouge-big.png","contentUrl":"http:\/\/yhgkungfumontpellier.fr\/wp-content\/uploads\/2022\/01\/cropped-cropped-Christian_YHG_Rouge-big.png","width":1998,"height":1701,"caption":"Yee's Hung Ga Kung Fu Montpellier"},"image":{"@id":"https:\/\/yhgkungfumontpellier.fr\/#logo"}},{"@type":"WebSite","@id":"https:\/\/yhgkungfumontpellier.fr\/#website","url":"https:\/\/yhgkungfumontpellier.fr\/","name":"Yee&#039;s Hung Ga Kung Fu Montpellier - COURS","description":"Yee&#039;s Hung Ga Kung Fu Montpellier - Art martial","publisher":{"@id":"https:\/\/yhgkungfumontpellier.fr\/#organization"},"potentialAction":[{"@type":"SearchAction","target":{"@type":"EntryPoint","urlTemplate":"https:\/\/yhgkungfumontpellier.fr\/?s={search_term_string}"},"query-input":"required name=search_term_string"}],"inLanguage":"en-US"},{"@type":"ImageObject","@id":"https:\/\/yhgkungfumontpellier.fr\/?page_id=706#primaryimage","inLanguage":"en-US","url":"http:\/\/yhgkungfumontpellier.fr\/wp-content\/uploads\/2022\/01\/cropped-cropped-DSC05904-scaled-1.jpg","contentUrl":"http:\/\/yhgkungfumontpellier.fr\/wp-content\/uploads\/2022\/01\/cropped-cropped-DSC05904-scaled-1.jpg"},{"@type":"WebPage","@id":"https:\/\/yhgkungfumontpellier.fr\/?page_id=706#webpage","url":"https:\/\/yhgkungfumontpellier.fr\/?page_id=706","name":"Formes \u00e0 mains nues - Yee&#039;s Hung Ga Kung Fu Montpellier - COURS","isPartOf":{"@id":"https:\/\/yhgkungfumontpellier.fr\/#website"},"primaryImageOfPage":{"@id":"https:\/\/yhgkungfumontpellier.fr\/?page_id=706#primaryimage"},"datePublished":"2024-01-26T09:12:50+00:00","dateModified":"2024-01-27T15:17:19+00:00","breadcrumb":{"@id":"https:\/\/yhgkungfumontpellier.fr\/?page_id=706#breadcrumb"},"inLanguage":"en-US","potentialAction":[{"@type":"ReadAction","target":["https:\/\/yhgkungfumontpellier.fr\/?page_id=706"]}]},{"@type":"BreadcrumbList","@id":"https:\/\/yhgkungfumontpellier.fr\/?page_id=706#breadcrumb","itemListElement":[{"@type":"ListItem","position":1,"name":"Accueil","item":"https:\/\/yhgkungfumontpellier.fr\/"},{"@type":"ListItem","position":2,"name":"Formes \u00e0 mains nues"}]}]}},"_links":{"self":[{"href":"https:\/\/yhgkungfumontpellier.fr\/index.php?rest_route=\/wp\/v2\/pages\/706","targetHints":{"allow":["GET"]}}],"collection":[{"href":"https:\/\/yhgkungfumontpellier.fr\/index.php?rest_route=\/wp\/v2\/pages"}],"about":[{"href":"https:\/\/yhgkungfumontpellier.fr\/index.php?rest_route=\/wp\/v2\/types\/page"}],"author":[{"embeddable":true,"href":"https:\/\/yhgkungfumontpellier.fr\/index.php?rest_route=\/wp\/v2\/users\/1"}],"replies":[{"embeddable":true,"href":"https:\/\/yhgkungfumontpellier.fr\/index.php?rest_route=%2Fwp%2Fv2%2Fcomments&post=706"}],"version-history":[{"count":6,"href":"https:\/\/yhgkungfumontpellier.fr\/index.php?rest_route=\/wp\/v2\/pages\/706\/revisions"}],"predecessor-version":[{"id":836,"href":"https:\/\/yhgkungfumontpellier.fr\/index.php?rest_route=\/wp\/v2\/pages\/706\/revisions\/836"}],"wp:attachment":[{"href":"https:\/\/yhgkungfumontpellier.fr\/index.php?rest_route=%2Fwp%2Fv2%2Fmedia&parent=706"}],"curies":[{"name":"wp","href":"https:\/\/api.w.org\/{rel}","templated":true}]}}