{"id":191,"date":"2022-01-30T09:27:20","date_gmt":"2022-01-30T08:27:20","guid":{"rendered":"http:\/\/yhgkungfumontpellier.fr\/?page_id=191"},"modified":"2026-01-29T07:41:54","modified_gmt":"2026-01-29T06:41:54","slug":"cours","status":"publish","type":"page","link":"https:\/\/yhgkungfumontpellier.fr\/?page_id=191","title":{"rendered":"Cours"},"content":{"rendered":"<div data-colibri-id=\"191-c1\" class=\"style-227 style-local-191-c1 position-relative\">\n  <!---->\n  <div data-colibri-component=\"section\" data-colibri-id=\"191-c2\" id=\"overlappable-2\" class=\"h-section h-section-global-spacing d-flex align-items-lg-center align-items-md-center align-items-center style-272 style-local-191-c2 position-relative\">\n    <!---->\n    <!---->\n    <div class=\"h-section-grid-container h-section-boxed-container\">\n      <!---->\n      <div data-colibri-id=\"191-c3\" class=\"h-row-container gutters-row-lg-2 gutters-row-md-0 gutters-row-2 gutters-row-v-lg-2 gutters-row-v-md-0 gutters-row-v-2 style-273 style-local-191-c3 position-relative\">\n        <!---->\n        <div class=\"h-row justify-content-lg-center justify-content-md-center justify-content-center align-items-lg-stretch align-items-md-stretch align-items-stretch gutters-col-lg-2 gutters-col-md-0 gutters-col-2 gutters-col-v-lg-2 gutters-col-v-md-0 gutters-col-v-2\">\n          <!---->\n          <div class=\"h-column h-column-container d-flex h-col-lg-4 h-col-md-4 h-col-12 style-274-outer style-local-191-c4-outer\">\n            <div data-colibri-id=\"191-c4\" class=\"d-flex h-flex-basis h-column__inner h-px-lg-2 h-px-md-3 h-px-2 v-inner-lg-0 v-inner-md-3 v-inner-2 style-274 style-local-191-c4 position-relative\">\n              <!---->\n              <!---->\n              <div class=\"w-100 h-y-container h-column__content h-column__v-align flex-basis-100 align-self-lg-start align-self-md-start align-self-start\">\n                <!---->\n                <div data-colibri-id=\"191-c5\" class=\"h-icon style-275 style-local-191-c5 position-relative h-element\">\n                  <!----><span class=\"h-svg-icon h-icon__icon style-275-icon style-local-191-c5-icon\"><!--Icon by Font Awesome (https:\/\/fontawesome.com)-->\n    <svg version=\"1.1\" xmlns=\"http:\/\/www.w3.org\/2000\/svg\" xmlns:xlink=\"http:\/\/www.w3.org\/1999\/xlink\" id=\"calendar\" viewBox=\"0 0 1672.2646 1896.0833\">\n      <path d=\"M128 1664h288v-288H128v288zm352 0h320v-288H480v288zm-352-352h288V992H128v320zm352 0h320V992H480v320zM128 928h288V640H128v288zm736 736h320v-288H864v288zM480 928h320V640H480v288zm768 736h288v-288h-288v288zm-384-352h320V992H864v320zM512 448V160q0-13-9.5-22.5T480 128h-64q-13 0-22.5 9.5T384 160v288q0 13 9.5 22.5T416 480h64q13 0 22.5-9.5T512 448zm736 864h288V992h-288v320zM864 928h320V640H864v288zm384 0h288V640h-288v288zm32-480V160q0-13-9.5-22.5T1248 128h-64q-13 0-22.5 9.5T1152 160v288q0 13 9.5 22.5t22.5 9.5h64q13 0 22.5-9.5t9.5-22.5zm384-64v1280q0 52-38 90t-90 38H128q-52 0-90-38t-38-90V384q0-52 38-90t90-38h128v-96q0-66 47-113T416 0h64q66 0 113 47t47 113v96h384v-96q0-66 47-113t113-47h64q66 0 113 47t47 113v96h128q52 0 90 38t38 90z\"><\/path>\n    <\/svg><\/span><\/div>\n                <div data-colibri-id=\"191-c6\" class=\"h-global-transition-all h-heading style-276 style-local-191-c6 position-relative h-element\">\n                  <!---->\n                  <div class=\"h-heading__outer style-276 style-local-191-c6\">\n                    <!---->\n                    <!---->\n                    <h5 class=\"\">Horaires<\/h5>\n                  <\/div>\n                <\/div>\n                <div data-colibri-id=\"191-c7\" class=\"h-text h-text-component style-374 style-local-191-c7 position-relative h-element\">\n                  <!---->\n                  <!---->\n                  <div class=\"\">\n                    <p><strong>D\u00e9butez toute l&#8217;ann\u00e9e:<br><br>Cours Adulte (D\u00e8s 15 ans):<\/strong><\/p>\n                    <p><strong>Lundi : 18h30 &#8211; 19h30 (maniements des armes)<br><br>Lundi : 19h30 &#8211; 20h30 (mains nues \/ tous niveaux)<\/strong><\/p>\n                    <p><strong>Jeudi : 18h &#8211; 18h30 (danse du lion)<\/strong><\/p>\n                    <p><strong>Jeudi: 18h30 &#8211; 20h (mains nues \/ tous niveaux)<\/strong><\/p>\n                    <p>HARU: 1 rue Duval Jouve, 34000 Montpellier<\/p>\n                    <p>Plus d&#8217;activit\u00e9s sur :\n                      <br>\n                    <\/p>\n                    <p><blockquote class=\"wp-embedded-content\" data-secret=\"CjjzsAjejF\"><a href=\"https:\/\/harudeveloppementpersonnel.fr\/haru-lespace\/\">HARU : l&rsquo;espace<\/a><\/blockquote><iframe loading=\"lazy\" class=\"wp-embedded-content\" sandbox=\"allow-scripts\" security=\"restricted\" style=\"position: absolute; clip: rect(1px, 1px, 1px, 1px);\" title=\"\u00ab\u00a0HARU : l&rsquo;espace\u00a0\u00bb &#8212; Caroline Ferrand Psy \u00e0 Montpellier\" src=\"https:\/\/harudeveloppementpersonnel.fr\/haru-lespace\/embed\/#?secret=jzfQ10Evvq#?secret=CjjzsAjejF\" data-secret=\"CjjzsAjejF\" width=\"500\" height=\"282\" frameborder=\"0\" marginwidth=\"0\" marginheight=\"0\" scrolling=\"no\"><\/iframe><\/p>\n                    <p>\n                      <br>\n                    <\/p>\n                  <\/div>\n                <\/div>\n              <\/div>\n            <\/div>\n          <\/div>\n          <div class=\"h-column h-column-container d-flex h-col-lg-4 h-col-md-4 h-col-12 style-274-outer style-local-191-c8-outer\">\n            <div data-colibri-id=\"191-c8\" class=\"d-flex h-flex-basis h-column__inner h-px-lg-2 h-px-md-3 h-px-2 v-inner-lg-0 v-inner-md-3 v-inner-2 style-274 style-local-191-c8 position-relative\">\n              <!---->\n              <!---->\n              <div class=\"w-100 h-y-container h-column__content h-column__v-align flex-basis-100 align-self-lg-start align-self-md-start align-self-start\">\n                <!---->\n                <div data-colibri-id=\"191-c9\" class=\"h-icon style-373 style-local-191-c9 position-relative h-element\">\n                  <!----><span class=\"h-svg-icon h-icon__icon style-373-icon style-local-191-c9-icon\"><!--Icon by Font Awesome (https:\/\/fontawesome.com)-->\n    <svg version=\"1.1\" xmlns=\"http:\/\/www.w3.org\/2000\/svg\" xmlns:xlink=\"http:\/\/www.w3.org\/1999\/xlink\" id=\"euro\" viewBox=\"0 0 1218.7993 1896.0833\">\n      <path d=\"M976 1307l35 159q3 12-3 22.5t-17 14.5l-5 1q-4 2-10.5 3.5t-16 4.5-21.5 5.5-25.5 5-30 5-33.5 4.5-36.5 3-38.5 1q-234 0-409-130.5T127 1054H32q-13 0-22.5-9.5T0 1022V909q0-13 9.5-22.5T32 877h66q-2-57 1-105H32q-14 0-23-9t-9-23V626q0-14 9-23t23-9h98q67-210 243.5-338T774 128q102 0 194 23 11 3 20 15 6 11 3 24l-43 159q-3 13-14 19.5t-24 2.5l-4-1q-4-1-11.5-2.5L877 364l-22.5-3.5-26-3-29-2.5-29.5-1q-126 0-226 64T394 594h468q16 0 25 12 10 12 7 26l-24 114q-5 26-32 26H350q-3 37 0 105h459q15 0 25 12 9 12 6 27l-24 112q-2 11-11 18.5t-20 7.5H398q48 117 149.5 185.5T776 1308q18 0 36-1.5t33.5-3.5 29.5-4.5 24.5-5 18.5-4.5l12-3 5-2q13-5 26 2 12 7 15 21z\"><\/path>\n    <\/svg><\/span><\/div>\n                <div data-colibri-id=\"191-c10\" class=\"h-global-transition-all h-heading style-276 style-local-191-c10 position-relative h-element\">\n                  <!---->\n                  <div class=\"h-heading__outer style-276 style-local-191-c10\">\n                    <!---->\n                    <!---->\n                    <h5 class=\"\">TARIFS<\/h5>\n                  <\/div>\n                <\/div>\n                <div data-colibri-id=\"191-c11\" class=\"h-text h-text-component style-277 style-local-191-c11 position-relative h-element\">\n                  <!---->\n                  <!---->\n                  <div class=\"\">\n                    <p><strong>Tarif adulte: 340\u20ac \u00e0 l&#8217;ann\u00e9e<\/strong><\/p>\n                    <p><strong>Prix famille (2 personnes minimum): 15\u20ac en moins par personne<\/strong><\/p>\n                    <p>Les tarifs inclus:<\/p>\n                    <ul>\n                      <li><span style=\"color: rgb(5, 0, 5);\">frais d&#8217;adh\u00e9sion \u00e0 l&#8217;association <\/span><\/li>\n                      <li><span style=\"color: rgb(5, 0, 5);\">frais de licence f\u00e9d\u00e9rale de la FFKarat\u00e9.<\/span><\/li>\n                    <\/ul>\n                    <p>P<span style=\"color: rgb(5, 0, 5);\">our b\u00e9n\u00e9ficier du Tarifs demandeur d&#8217;emplois: merci de pr\u00e9senter un justificatif.<\/span><\/p>\n                    <p>Pass\u2019Sport : accept\u00e9<\/p>\n                    <p>&#8212;&#8212;&#8212;&#8212;&#8212;<\/p>\n                    <p><span style=\"color: rgb(5, 0, 5);\">Possibilit\u00e9 de cours priv\u00e9: 12 euros + 5 euros par personnes suppl\u00e9mentaires (1h)<\/span><\/p>\n                    <p>\n                      <br>\n                    <\/p>\n                  <\/div>\n                <\/div>\n              <\/div>\n            <\/div>\n          <\/div>\n          <div class=\"h-column h-column-container d-flex h-col-lg-4 h-col-md-4 h-col-12 style-274-outer style-local-191-c12-outer\">\n            <div data-colibri-id=\"191-c12\" class=\"d-flex h-flex-basis h-column__inner h-px-lg-2 h-px-md-3 h-px-2 v-inner-lg-0 v-inner-md-3 v-inner-2 style-274 style-local-191-c12 position-relative\">\n              <!---->\n              <!---->\n              <div class=\"w-100 h-y-container h-column__content h-column__v-align flex-basis-100 align-self-lg-start align-self-md-start align-self-start\">\n                <!---->\n                <div data-colibri-id=\"191-c13\" class=\"h-icon style-275 style-local-191-c13 position-relative h-element\">\n                  <!----><span class=\"h-svg-icon h-icon__icon style-275-icon style-local-191-c13-icon\"><!--Icon by Icons8 Line Awesome (https:\/\/icons8.com\/line-awesome)--><svg version=\"1.1\" xmlns=\"http:\/\/www.w3.org\/2000\/svg\" xmlns:xlink=\"http:\/\/www.w3.org\/1999\/xlink\" id=\"globe\" viewBox=\"0 0 512 545.5\"><path d=\"M256 96c105.85 0 192 86.15 192 192s-86.15 192-192 192S64 393.85 64 288 150.15 96 256 96zm0 32c-4.365 0-8.725.66-13 1l35.5 2.5 8.5 37-48 9-13-18-27.5 6L208 208l-64 30.5-43 34 15.5 31.5H176l64.5 48.5-17 64L241 447c4.913.45 9.967 1 15 1 24.67 0 48.16-5.586 69-15.5l25.5-80s-11.788-29-13.5-29-33.5 5.5-33.5 5.5l-31-25.5 15.5-48 27.5-20.5 28-4 26 16 11-20-43-14-34.5 11-2.5-33 14-12 17 7.5-3-32 13-1.5c-24.724-15.633-54.002-25-85.5-25zm-18 1c-12.907 1.427-25.216 4.203-37 8.5l12 2zM97 300.5c5.036 65.723 49.095 120.422 109.5 140l-45.5-56h-18.5l-30-33v-33z\"><\/path><\/svg><\/span><\/div>\n                <div\n                  data-colibri-id=\"191-c14\" class=\"h-global-transition-all h-heading style-276 style-local-191-c14 position-relative h-element\">\n                  <!---->\n                  <div class=\"h-heading__outer style-276 style-local-191-c14\">\n                    <!---->\n                    <!---->\n                    <h5 class=\"\">A travers le monde<\/h5>\n                  <\/div>\n              <\/div>\n              <div data-colibri-id=\"191-c15\" class=\"h-text h-text-component style-277 style-local-191-c15 position-relative h-element\">\n                <!---->\n                <!---->\n                <div class=\"\">\n                  <p>O\u00f9 pratiquer:&nbsp;<\/p>\n                  <p>Nous sommes pr\u00e9sent dans 15 pays diff\u00e9rents \u00e0 travers 32 \u00e9coles diff\u00e9rentes. Pour voir o\u00f9 nous trouver dans le monde en cliquant sur le lien suivant.<\/p>\n                  <p>Toutes les \u00e9coles sur :<\/p>\n                  <p><span style=\"color: rgb(0, 0, 0); font-family: &quot;Open Sans&quot;; font-size: 16px; font-weight: 400;\">https:\/\/www.yeeshungga.com\/our-style\/branches\/<\/span><\/p>\n                  <p>\n                    <br>\n                  <\/p>\n                <\/div>\n              <\/div>\n            <\/div>\n          <\/div>\n        <\/div>\n      <\/div>\n    <\/div>\n  <\/div>\n<\/div>\n<div data-colibri-component=\"section\" data-colibri-id=\"191-c21\" id=\"custom\" class=\"h-section h-section-global-spacing d-flex align-items-lg-center align-items-md-center align-items-center style-278 style-local-191-c21 position-relative\">\n  <!---->\n  <!---->\n  <div class=\"h-section-grid-container h-section-boxed-container\">\n    <!---->\n    <div data-colibri-id=\"191-c22\" class=\"h-row-container gutters-row-lg-2 gutters-row-md-2 gutters-row-0 gutters-row-v-lg-2 gutters-row-v-md-2 gutters-row-v-2 style-279 style-local-191-c22 position-relative\">\n      <!---->\n      <div class=\"h-row justify-content-lg-center justify-content-md-center justify-content-center align-items-lg-stretch align-items-md-stretch align-items-stretch gutters-col-lg-2 gutters-col-md-2 gutters-col-0 gutters-col-v-lg-2 gutters-col-v-md-2 gutters-col-v-2\">\n        <!---->\n        <div class=\"h-column h-column-container d-flex h-col-lg-auto h-col-md-auto h-col-auto style-280-outer style-local-191-c23-outer\">\n          <div data-colibri-id=\"191-c23\" class=\"d-flex h-flex-basis h-column__inner h-px-lg-2 h-px-md-2 h-px-2 v-inner-lg-2 v-inner-md-2 v-inner-2 style-280 style-local-191-c23 position-relative\">\n            <!---->\n            <!---->\n            <div class=\"w-100 h-y-container h-column__content h-column__v-align flex-basis-100 align-self-lg-center align-self-md-center align-self-center\">\n              <!---->\n              <div data-colibri-id=\"191-c24\" class=\"h-text h-text-component style-281 style-local-191-c24 position-relative h-element\">\n                <!---->\n                <!---->\n                <div class=\"\">\n                  <p><span style=\"font-weight: 400; font-size: 16px; font-family: &quot;Open Sans&quot;; color: rgb(5, 0, 5);\">Les arts martiaux n\u00e9cessitent un entrainement permanent, les cours sont donc assur\u00e9s \u00e0 minima 44 semaines sur 52. Les cours des vacances ont lieu \u00e0 l&#8217;ext\u00e9rieur: les informations seront disponibles sur la page d&#8217;accueil et sur la page Facebook de l&#8217;\u00e9cole.<\/span><\/p>\n                <\/div>\n              <\/div>\n            <\/div>\n          <\/div>\n        <\/div>\n      <\/div>\n    <\/div>\n  <\/div>\n<\/div>\n<\/div>","protected":false},"excerpt":{"rendered":"<p>Horaires D\u00e9butez toute l&#8217;ann\u00e9e:Cours Adulte (D\u00e8s 15 ans): Lundi : 18h30 &#8211; 19h30 (maniements des armes)Lundi : 19h30 &#8211; 20h30 (mains nues \/ tous niveaux) Jeudi : 18h &#8211; 18h30 (danse du lion) Jeudi: 18h30 &#8211; 20h (mains nues \/ tous niveaux) HARU: 1 rue Duval Jouve, 34000 Montpellier Plus d&#8217;activit\u00e9s sur : HARU : [&hellip;]<\/p>\n","protected":false},"author":1,"featured_media":0,"parent":0,"menu_order":0,"comment_status":"closed","ping_status":"closed","template":"page-templates\/full-width-page.php","meta":{"om_disable_all_campaigns":false,"_monsterinsights_skip_tracking":false,"_monsterinsights_sitenote_active":false,"_monsterinsights_sitenote_note":"","_monsterinsights_sitenote_category":0,"footnotes":""},"class_list":["post-191","page","type-page","status-publish","hentry"],"yoast_head":"<!-- This site is optimized with the Yoast SEO plugin v18.0 - https:\/\/yoast.com\/wordpress\/plugins\/seo\/ -->\n<title>Cours - Yee&#039;s Hung Ga Kung Fu Montpellier - COURS<\/title>\n<meta name=\"robots\" content=\"index, follow, max-snippet:-1, max-image-preview:large, max-video-preview:-1\" \/>\n<link rel=\"canonical\" href=\"https:\/\/yhgkungfumontpellier.fr\/?page_id=191\" \/>\n<meta property=\"og:locale\" content=\"en_US\" \/>\n<meta property=\"og:type\" content=\"article\" \/>\n<meta property=\"og:title\" content=\"Cours - Yee&#039;s Hung Ga Kung Fu Montpellier - COURS\" \/>\n<meta property=\"og:description\" content=\"Horaires D\u00e9butez toute l&#8217;ann\u00e9e:Cours Adulte (D\u00e8s 15 ans): Lundi : 18h30 &#8211; 19h30 (maniements des armes)Lundi : 19h30 &#8211; 20h30 (mains nues \/ tous niveaux) Jeudi : 18h &#8211; 18h30 (danse du lion) Jeudi: 18h30 &#8211; 20h (mains nues \/ tous niveaux) HARU: 1 rue Duval Jouve, 34000 Montpellier Plus d&#8217;activit\u00e9s sur : HARU : [&hellip;]\" \/>\n<meta property=\"og:url\" content=\"https:\/\/yhgkungfumontpellier.fr\/?page_id=191\" \/>\n<meta property=\"og:site_name\" content=\"Yee&#039;s Hung Ga Kung Fu Montpellier - COURS\" \/>\n<meta property=\"article:publisher\" content=\"https:\/\/fr-fr.facebook.com\/yeeshunggafrance\/\" \/>\n<meta property=\"article:modified_time\" content=\"2026-01-29T06:41:54+00:00\" \/>\n<meta name=\"twitter:card\" content=\"summary_large_image\" \/>\n<meta name=\"twitter:label1\" content=\"Est. reading time\" \/>\n\t<meta name=\"twitter:data1\" content=\"1 minute\" \/>\n<script type=\"application\/ld+json\" class=\"yoast-schema-graph\">{\"@context\":\"https:\/\/schema.org\",\"@graph\":[{\"@type\":\"Organization\",\"@id\":\"https:\/\/yhgkungfumontpellier.fr\/#organization\",\"name\":\"Yee's Hung Ga Kung Fu Montpellier\",\"url\":\"https:\/\/yhgkungfumontpellier.fr\/\",\"sameAs\":[\"https:\/\/fr-fr.facebook.com\/yeeshunggafrance\/\",\"https:\/\/www.instagram.com\/yhgmontpellier\/\",\"https:\/\/www.youtube.com\/channel\/UC_-w28yUQa64v8PVZTrOA2Q?app=desktop\"],\"logo\":{\"@type\":\"ImageObject\",\"@id\":\"https:\/\/yhgkungfumontpellier.fr\/#logo\",\"inLanguage\":\"en-US\",\"url\":\"http:\/\/yhgkungfumontpellier.fr\/wp-content\/uploads\/2022\/01\/cropped-cropped-Christian_YHG_Rouge-big.png\",\"contentUrl\":\"http:\/\/yhgkungfumontpellier.fr\/wp-content\/uploads\/2022\/01\/cropped-cropped-Christian_YHG_Rouge-big.png\",\"width\":1998,\"height\":1701,\"caption\":\"Yee's Hung Ga Kung Fu Montpellier\"},\"image\":{\"@id\":\"https:\/\/yhgkungfumontpellier.fr\/#logo\"}},{\"@type\":\"WebSite\",\"@id\":\"https:\/\/yhgkungfumontpellier.fr\/#website\",\"url\":\"https:\/\/yhgkungfumontpellier.fr\/\",\"name\":\"Yee&#039;s Hung Ga Kung Fu Montpellier - COURS\",\"description\":\"Yee&#039;s Hung Ga Kung Fu Montpellier - Art martial\",\"publisher\":{\"@id\":\"https:\/\/yhgkungfumontpellier.fr\/#organization\"},\"potentialAction\":[{\"@type\":\"SearchAction\",\"target\":{\"@type\":\"EntryPoint\",\"urlTemplate\":\"https:\/\/yhgkungfumontpellier.fr\/?s={search_term_string}\"},\"query-input\":\"required name=search_term_string\"}],\"inLanguage\":\"en-US\"},{\"@type\":\"WebPage\",\"@id\":\"https:\/\/yhgkungfumontpellier.fr\/?page_id=191#webpage\",\"url\":\"https:\/\/yhgkungfumontpellier.fr\/?page_id=191\",\"name\":\"Cours - Yee&#039;s Hung Ga Kung Fu Montpellier - COURS\",\"isPartOf\":{\"@id\":\"https:\/\/yhgkungfumontpellier.fr\/#website\"},\"datePublished\":\"2022-01-30T08:27:20+00:00\",\"dateModified\":\"2026-01-29T06:41:54+00:00\",\"breadcrumb\":{\"@id\":\"https:\/\/yhgkungfumontpellier.fr\/?page_id=191#breadcrumb\"},\"inLanguage\":\"en-US\",\"potentialAction\":[{\"@type\":\"ReadAction\",\"target\":[\"https:\/\/yhgkungfumontpellier.fr\/?page_id=191\"]}]},{\"@type\":\"BreadcrumbList\",\"@id\":\"https:\/\/yhgkungfumontpellier.fr\/?page_id=191#breadcrumb\",\"itemListElement\":[{\"@type\":\"ListItem\",\"position\":1,\"name\":\"Accueil\",\"item\":\"https:\/\/yhgkungfumontpellier.fr\/\"},{\"@type\":\"ListItem\",\"position\":2,\"name\":\"Cours\"}]}]}<\/script>\n<!-- \/ Yoast SEO plugin. -->","yoast_head_json":{"title":"Cours - Yee&#039;s Hung Ga Kung Fu Montpellier - COURS","robots":{"index":"index","follow":"follow","max-snippet":"max-snippet:-1","max-image-preview":"max-image-preview:large","max-video-preview":"max-video-preview:-1"},"canonical":"https:\/\/yhgkungfumontpellier.fr\/?page_id=191","og_locale":"en_US","og_type":"article","og_title":"Cours - Yee&#039;s Hung Ga Kung Fu Montpellier - COURS","og_description":"Horaires D\u00e9butez toute l&#8217;ann\u00e9e:Cours Adulte (D\u00e8s 15 ans): Lundi : 18h30 &#8211; 19h30 (maniements des armes)Lundi : 19h30 &#8211; 20h30 (mains nues \/ tous niveaux) Jeudi : 18h &#8211; 18h30 (danse du lion) Jeudi: 18h30 &#8211; 20h (mains nues \/ tous niveaux) HARU: 1 rue Duval Jouve, 34000 Montpellier Plus d&#8217;activit\u00e9s sur : HARU : [&hellip;]","og_url":"https:\/\/yhgkungfumontpellier.fr\/?page_id=191","og_site_name":"Yee&#039;s Hung Ga Kung Fu Montpellier - COURS","article_publisher":"https:\/\/fr-fr.facebook.com\/yeeshunggafrance\/","article_modified_time":"2026-01-29T06:41:54+00:00","twitter_card":"summary_large_image","twitter_misc":{"Est. reading time":"1 minute"},"schema":{"@context":"https:\/\/schema.org","@graph":[{"@type":"Organization","@id":"https:\/\/yhgkungfumontpellier.fr\/#organization","name":"Yee's Hung Ga Kung Fu Montpellier","url":"https:\/\/yhgkungfumontpellier.fr\/","sameAs":["https:\/\/fr-fr.facebook.com\/yeeshunggafrance\/","https:\/\/www.instagram.com\/yhgmontpellier\/","https:\/\/www.youtube.com\/channel\/UC_-w28yUQa64v8PVZTrOA2Q?app=desktop"],"logo":{"@type":"ImageObject","@id":"https:\/\/yhgkungfumontpellier.fr\/#logo","inLanguage":"en-US","url":"http:\/\/yhgkungfumontpellier.fr\/wp-content\/uploads\/2022\/01\/cropped-cropped-Christian_YHG_Rouge-big.png","contentUrl":"http:\/\/yhgkungfumontpellier.fr\/wp-content\/uploads\/2022\/01\/cropped-cropped-Christian_YHG_Rouge-big.png","width":1998,"height":1701,"caption":"Yee's Hung Ga Kung Fu Montpellier"},"image":{"@id":"https:\/\/yhgkungfumontpellier.fr\/#logo"}},{"@type":"WebSite","@id":"https:\/\/yhgkungfumontpellier.fr\/#website","url":"https:\/\/yhgkungfumontpellier.fr\/","name":"Yee&#039;s Hung Ga Kung Fu Montpellier - COURS","description":"Yee&#039;s Hung Ga Kung Fu Montpellier - Art martial","publisher":{"@id":"https:\/\/yhgkungfumontpellier.fr\/#organization"},"potentialAction":[{"@type":"SearchAction","target":{"@type":"EntryPoint","urlTemplate":"https:\/\/yhgkungfumontpellier.fr\/?s={search_term_string}"},"query-input":"required name=search_term_string"}],"inLanguage":"en-US"},{"@type":"WebPage","@id":"https:\/\/yhgkungfumontpellier.fr\/?page_id=191#webpage","url":"https:\/\/yhgkungfumontpellier.fr\/?page_id=191","name":"Cours - Yee&#039;s Hung Ga Kung Fu Montpellier - COURS","isPartOf":{"@id":"https:\/\/yhgkungfumontpellier.fr\/#website"},"datePublished":"2022-01-30T08:27:20+00:00","dateModified":"2026-01-29T06:41:54+00:00","breadcrumb":{"@id":"https:\/\/yhgkungfumontpellier.fr\/?page_id=191#breadcrumb"},"inLanguage":"en-US","potentialAction":[{"@type":"ReadAction","target":["https:\/\/yhgkungfumontpellier.fr\/?page_id=191"]}]},{"@type":"BreadcrumbList","@id":"https:\/\/yhgkungfumontpellier.fr\/?page_id=191#breadcrumb","itemListElement":[{"@type":"ListItem","position":1,"name":"Accueil","item":"https:\/\/yhgkungfumontpellier.fr\/"},{"@type":"ListItem","position":2,"name":"Cours"}]}]}},"_links":{"self":[{"href":"https:\/\/yhgkungfumontpellier.fr\/index.php?rest_route=\/wp\/v2\/pages\/191","targetHints":{"allow":["GET"]}}],"collection":[{"href":"https:\/\/yhgkungfumontpellier.fr\/index.php?rest_route=\/wp\/v2\/pages"}],"about":[{"href":"https:\/\/yhgkungfumontpellier.fr\/index.php?rest_route=\/wp\/v2\/types\/page"}],"author":[{"embeddable":true,"href":"https:\/\/yhgkungfumontpellier.fr\/index.php?rest_route=\/wp\/v2\/users\/1"}],"replies":[{"embeddable":true,"href":"https:\/\/yhgkungfumontpellier.fr\/index.php?rest_route=%2Fwp%2Fv2%2Fcomments&post=191"}],"version-history":[{"count":20,"href":"https:\/\/yhgkungfumontpellier.fr\/index.php?rest_route=\/wp\/v2\/pages\/191\/revisions"}],"predecessor-version":[{"id":1331,"href":"https:\/\/yhgkungfumontpellier.fr\/index.php?rest_route=\/wp\/v2\/pages\/191\/revisions\/1331"}],"wp:attachment":[{"href":"https:\/\/yhgkungfumontpellier.fr\/index.php?rest_route=%2Fwp%2Fv2%2Fmedia&parent=191"}],"curies":[{"name":"wp","href":"https:\/\/api.w.org\/{rel}","templated":true}]}}