{"id":189,"date":"2022-01-30T09:27:20","date_gmt":"2022-01-30T08:27:20","guid":{"rendered":"http:\/\/yhgkungfumontpellier.fr\/?page_id=189"},"modified":"2025-06-25T21:36:11","modified_gmt":"2025-06-25T19:36:11","slug":"notre-style","status":"publish","type":"page","link":"https:\/\/yhgkungfumontpellier.fr\/?page_id=189","title":{"rendered":"Notre style"},"content":{"rendered":"<div data-colibri-id=\"189-c1\" class=\"style-243 style-local-189-c1 position-relative\">\n  <!---->\n  <div data-colibri-component=\"section\" data-colibri-id=\"189-c2\" id=\"about\" class=\"h-section h-section-global-spacing d-flex align-items-lg-center align-items-md-center align-items-center style-244 style-local-189-c2 position-relative\">\n    <!---->\n    <!---->\n    <div class=\"h-section-grid-container h-section-boxed-container\">\n      <!---->\n      <div data-colibri-id=\"189-c3\" class=\"h-row-container gutters-row-lg-0 gutters-row-md-0 gutters-row-0 gutters-row-v-lg-0 gutters-row-v-md-0 gutters-row-v-0 style-245 style-local-189-c3 position-relative\">\n        <!---->\n        <div class=\"h-row justify-content-lg-center justify-content-md-center justify-content-center align-items-lg-stretch align-items-md-stretch align-items-stretch gutters-col-lg-0 gutters-col-md-0 gutters-col-0 gutters-col-v-lg-0 gutters-col-v-md-0 gutters-col-v-0\">\n          <!---->\n          <div class=\"h-column h-column-container d-flex h-col-lg-auto h-col-md-auto h-col-auto style-246-outer style-local-189-c4-outer\">\n            <div data-colibri-id=\"189-c4\" class=\"d-flex h-flex-basis h-column__inner h-px-lg-0 h-px-md-0 h-px-0 v-inner-lg-0 v-inner-md-0 v-inner-0 style-246 style-local-189-c4 position-relative\">\n              <!---->\n              <!---->\n              <div class=\"w-100 h-y-container h-column__content h-column__v-align flex-basis-100 align-self-lg-start align-self-md-start align-self-start\">\n                <!---->\n                <div data-colibri-id=\"189-c5\" class=\"h-global-transition-all h-heading style-247 style-local-189-c5 position-relative h-element\">\n                  <!---->\n                  <div class=\"h-heading__outer style-247 style-local-189-c5\">\n                    <!---->\n                    <!---->\n                    <h5 class=\"\">Qu&#8217;est-ce que le kung fu?&nbsp;<\/h5>\n                  <\/div>\n                <\/div>\n                <div data-colibri-id=\"189-c6\" class=\"h-global-transition-all h-heading style-248 style-local-189-c6 position-relative h-element\">\n                  <!---->\n                  <div class=\"h-heading__outer style-248 style-local-189-c6\">\n                    <!---->\n                    <!---->\n                    <h2 class=\"\">Qu&#8217;est-ce que le kung fu? <\/h2>\n                  <\/div>\n                <\/div>\n                <div data-colibri-id=\"189-c7\" class=\"h-text h-text-component style-249 style-local-189-c7 position-relative h-element\">\n                  <!---->\n                  <!---->\n                  <div class=\"\">\n                    <p>\n                      <br><span style=\"color: rgb(0, 0, 0);\">Le Kung Fu est un art martial chinois, vieux de plusieurs milliers d&#8217;ann\u00e9es, il a \u00e9t\u00e9 d\u00e9velopp\u00e9 comme outil de d\u00e9fense. Il existe plusieurs styles et lign\u00e9es. L&#8217;une des plus connues est celle des Shaolins. Parmi les styles issus des Shaolins, on trouve le Hung Ga, le Mok Ga, Laug Ga, Jow Ga et Choi Ga.<\/span><\/p>\n                    <p><span style=\"color: rgb(0, 0, 0);\">Le Kung Fu demande un entra\u00eenement constant. En effet, c&#8217;est l&#8217;une des traductions litt\u00e9rales de &#8220;Kung Fu&#8221; est &#8220;travailler dur&#8221;. Nos disciples travaillent dur pour acqu\u00e9rir leurs comp\u00e9tences. Beaucoup de sueur mais aussi de belles r\u00e9compenses \u00e0 la cl\u00e9.<\/span><\/p>\n                    <p><span style=\"color: rgb(0, 0, 0);\">Le Kung Fu c&#8217;est la sant\u00e9 , un exercice tr\u00e8s complet. Chaque articulation, muscle et tendon est sollicit\u00e9. Les organes internes sont mass\u00e9s et cela favorise la circulation de l&#8217;\u00e9nergie interne (Chi\/Qi). Dans la M\u00e9decine Traditionnelle Chinoise des pathologies viennent de la s\u00e9dentarit\u00e9, ainsi mettre en mouvement les diff\u00e9rentes parties du corps permet de pr\u00e9venir ces probl\u00e8mes. Enfin le Kung Fu renforce l&#8217;esprit et le mental.<\/span><\/p>\n                    <p>\n                      <br>\n                    <\/p>\n                  <\/div>\n                <\/div>\n              <\/div>\n            <\/div>\n          <\/div>\n          <div class=\"h-column h-column-container d-flex h-col-lg-auto h-col-md-auto h-col-auto style-250-outer style-local-189-c8-outer\">\n            <div data-colibri-id=\"189-c8\" class=\"d-flex h-flex-basis h-column__inner h-ui-empty-state-container h-px-lg-2 h-px-md-2 h-px-2 v-inner-lg-2 v-inner-md-2 v-inner-2 style-250 style-local-189-c8 position-relative\">\n              <!---->\n              <!---->\n              <div class=\"w-100 h-y-container h-column__content h-column__v-align flex-basis-100\">\n                <!---->\n              <\/div>\n            <\/div>\n          <\/div>\n        <\/div>\n      <\/div>\n    <\/div>\n  <\/div>\n  <div data-colibri-component=\"section\" data-colibri-id=\"189-c9\" id=\"about-2\" class=\"h-section h-section-global-spacing d-flex align-items-lg-center align-items-md-center align-items-center style-251 style-local-189-c9 position-relative\">\n    <!---->\n    <!---->\n    <div class=\"h-section-grid-container h-section-boxed-container\">\n      <!---->\n      <div data-colibri-id=\"189-c10\" class=\"h-row-container gutters-row-lg-0 gutters-row-md-0 gutters-row-0 gutters-row-v-lg-0 gutters-row-v-md-0 gutters-row-v-0 style-252 style-local-189-c10 position-relative\">\n        <!---->\n        <div class=\"h-row justify-content-lg-center justify-content-md-center justify-content-center align-items-lg-stretch align-items-md-stretch align-items-stretch gutters-col-lg-0 gutters-col-md-0 gutters-col-0 gutters-col-v-lg-0 gutters-col-v-md-0 gutters-col-v-0\">\n          <!---->\n          <div class=\"h-column h-column-container d-flex h-col-lg-auto h-col-md-auto h-col-auto style-253-outer style-local-189-c11-outer\">\n            <div data-colibri-id=\"189-c11\" class=\"d-flex h-flex-basis h-column__inner h-ui-empty-state-container h-px-lg-0 h-px-md-0 h-px-0 v-inner-lg-0 v-inner-md-0 v-inner-0 style-253 style-local-189-c11 position-relative\">\n              <!---->\n              <!---->\n              <div class=\"w-100 h-y-container h-column__content h-column__v-align flex-basis-100\">\n                <!---->\n              <\/div>\n            <\/div>\n          <\/div>\n          <div class=\"h-column h-column-container d-flex h-col-lg-auto h-col-md-auto h-col-auto style-254-outer style-local-189-c12-outer\">\n            <div data-colibri-id=\"189-c12\" class=\"d-flex h-flex-basis h-column__inner h-px-lg-2 h-px-md-2 h-px-2 v-inner-lg-2 v-inner-md-2 v-inner-2 style-254 style-local-189-c12 position-relative\">\n              <!---->\n              <!---->\n              <div class=\"w-100 h-y-container h-column__content h-column__v-align flex-basis-100 align-self-lg-start align-self-md-start align-self-start\">\n                <!---->\n                <div data-colibri-id=\"189-c13\" class=\"h-global-transition-all h-heading style-255 style-local-189-c13 position-relative h-element\">\n                  <!---->\n                  <div class=\"h-heading__outer style-255 style-local-189-c13\">\n                    <!---->\n                    <!---->\n                    <h5 class=\"\">Hung Ga<\/h5>\n                  <\/div>\n                <\/div>\n                <div data-colibri-id=\"189-c14\" class=\"h-global-transition-all h-heading style-256 style-local-189-c14 position-relative h-element\">\n                  <!---->\n                  <div class=\"h-heading__outer style-256 style-local-189-c14\">\n                    <!---->\n                    <!---->\n                    <h2 class=\"\">Hung Ga Kuen &#8211; \u6d2a\u5bb6\u62f3<\/h2>\n                  <\/div>\n                <\/div>\n                <div data-colibri-id=\"189-c15\" class=\"h-text h-text-component style-257 style-local-189-c15 position-relative h-element\">\n                  <!---->\n                  <!---->\n                  <div class=\"\">\n                    <p><span style=\"color: rgb(0, 0, 0);\">Le Hung Ga (\u6d2a\u5bb6) (Hung Family) a d\u00e9but\u00e9 au Sud de la Chine durant la dynastie Ching (1723-1736) sous le r\u00e8gne de Yung Jing. Le Hung Ga \u00e9tait le premier style des 5 styles de Kung Fu.<\/span><\/p>\n                    <p><span style=\"color: rgb(0, 0, 0);\">Hung Ga: fond\u00e9 par Hung Hei Guen<\/span><\/p>\n                    <p><span style=\"color: rgb(0, 0, 0);\">Lau Ga: fond\u00e9 par Lau Sam Ngan<\/span><\/p>\n                    <p><span style=\"color: rgb(0, 0, 0);\">Choy Ga: fond\u00e9 par Choy Gau Yee<\/span><\/p>\n                    <p><span style=\"color: rgb(0, 0, 0);\">Lei Ga: fond\u00e9 par Lei Gum Lun<\/span><\/p>\n                    <p><span style=\"color: rgb(0, 0, 0);\">Mok Ga: fond\u00e9 par Mok Ching Gui<\/span><\/p>\n                    <p><span style=\"color: rgb(0, 0, 0);\">Chacun de ces styles est unique. Ils poss\u00e8dent des techniques sp\u00e9ciales bien distinctes.<\/span><\/p>\n                    <p>&nbsp;<\/p>\n                    <p><span style=\"color: rgb(0, 0, 0);\">Le fondateur du Hung Ga , Hung Hei Guen (\u6d2a\u7199\u5b98), surnomm\u00e9 originallement Jyu. Son grand-p\u00e8re \u00e9tait un officier du gouvernement Ming et d&#8217;une famille respectable. Hung \u00e9tait originallement un marchant de th\u00e9 avant de devenir un \u00e9l\u00e8ve de ma\u00eetre Jee Sim et \u00eatre grad\u00e9 par le temple Siu Lam. Hung \u00e9tait un fort support du gouvernment Ming. En honneur au premier emprereur Ming Jyu Hung Mo (1271-1368), il changea son nom de famille de Jyu \u00e0 Hung. Hung Hei Guen. Il voulait proclamer son Kung Fu comme descendant de Siu Lam, mais par peur que ce lien avec Siu Lam ne l&#8217;am\u00e8ne lui ou ses disciples a se faire tuer, il d\u00e9cida de l&#8217;appeler l&#8217;art Hung Ga.<\/span><\/p>\n                    <p><span style=\"color: rgb(0, 0, 0);\">Plus tard, ses disciples voulaient continuer de pratiquer, en honneur de leur ma\u00eetre. Apr\u00e8s, la chute du temple Siu Lam \u00e0 Fukien, il rencontra Fon Wing Chun, une ancienne \u00e9l\u00e8ve du temple bouddhiste Ng Mui et l&#8217;\u00e9pousa. Fong Wing Chun ma\u00eetrisait la Grue, l&#8217;un des animaux du Kung Fu. Hung Hei Guen d\u00e9m\u00e9nagea plus tard pour la ville de Fa dans la province de Gwang Dung et mourru plus tard \u00e0 l&#8217;\u00e2ge de 90 ans. Sa tombe est encore localis\u00e9e l\u00e0-bas. Les histoires de Fukien Chan Jau Fu Ji indiquent que Hung Hei Guen tua une personne d&#8217;un seul coup de poing. En plus de ce fait sur l&#8217;existence de Hung, cela atteste en plus du pouvoir d\u00e9vastateur du Hung Kuen (Hung Ga).Hung Kuen (Hung Ga) devint connu pour 2 choses:- La &#8220;fondation de mille livres&#8221; ou position de cheval.- Le &#8220;poing de fer&#8221; et le &#8220;bras de fer&#8221;, exercices de renforcement \u00e0 l&#8217;aide de sacs de sable et de poteaux de bois.Voici un autre exemple historique: quand Hung Hei Guen fl\u00e9chissait en position du cavalier, plus de 10 personnes avec des b\u00e2tons \u00e9taient dans l&#8217;incapacit\u00e9 de le d\u00e9placer. Ceci est un entra\u00eenement difficile qui n\u00e9cessite 3 \u00e0 7 ans de pratique. Certains disent que le Hung Ga est lent, mais ce n&#8217;est pas vrai. Comme beaucoup de style de kung fu, le Hung Ga utilise des coups rapides. La croyance du style pense aussi qu&#8217;un fort ancrage est une part plus indispensable de l&#8217;entra\u00eenement. Mobilit\u00e9 et flexibilit\u00e9 ne seront pas gage de stabilit\u00e9 sans un bon ancrage au sol. Ainsi, le Hung Ga am\u00e8ne \u00e0 \u00eatre solide dans un premier temps puis \u00e0 d\u00e9velopper sa mobilit\u00e9 et sa flexibilit\u00e9 dans un second temps.<\/span><\/p>\n                    <p>&nbsp;<\/p>\n                    <p>\n                      <br>\n                    <\/p>\n                  <\/div>\n                <\/div>\n              <\/div>\n            <\/div>\n          <\/div>\n        <\/div>\n      <\/div>\n    <\/div>\n  <\/div>\n<\/div>","protected":false},"excerpt":{"rendered":"<p>Qu&#8217;est-ce que le kung fu?&nbsp; Qu&#8217;est-ce que le kung fu? Le Kung Fu est un art martial chinois, vieux de plusieurs milliers d&#8217;ann\u00e9es, il a \u00e9t\u00e9 d\u00e9velopp\u00e9 comme outil de d\u00e9fense. Il existe plusieurs styles et lign\u00e9es. L&#8217;une des plus connues est celle des Shaolins. Parmi les styles issus des Shaolins, on trouve le Hung [&hellip;]<\/p>\n","protected":false},"author":1,"featured_media":0,"parent":0,"menu_order":0,"comment_status":"closed","ping_status":"closed","template":"page-templates\/full-width-page.php","meta":{"om_disable_all_campaigns":false,"_monsterinsights_skip_tracking":false,"_monsterinsights_sitenote_active":false,"_monsterinsights_sitenote_note":"","_monsterinsights_sitenote_category":0,"footnotes":""},"class_list":["post-189","page","type-page","status-publish","hentry"],"yoast_head":"<!-- This site is optimized with the Yoast SEO plugin v18.0 - https:\/\/yoast.com\/wordpress\/plugins\/seo\/ -->\n<title>Notre style - Yee&#039;s Hung Ga Kung Fu Montpellier - COURS<\/title>\n<meta name=\"robots\" content=\"index, follow, max-snippet:-1, max-image-preview:large, max-video-preview:-1\" \/>\n<link rel=\"canonical\" href=\"https:\/\/yhgkungfumontpellier.fr\/?page_id=189\" \/>\n<meta property=\"og:locale\" content=\"en_US\" \/>\n<meta property=\"og:type\" content=\"article\" \/>\n<meta property=\"og:title\" content=\"Notre style - Yee&#039;s Hung Ga Kung Fu Montpellier - COURS\" \/>\n<meta property=\"og:description\" content=\"Qu&#8217;est-ce que le kung fu?&nbsp; Qu&#8217;est-ce que le kung fu? Le Kung Fu est un art martial chinois, vieux de plusieurs milliers d&#8217;ann\u00e9es, il a \u00e9t\u00e9 d\u00e9velopp\u00e9 comme outil de d\u00e9fense. Il existe plusieurs styles et lign\u00e9es. L&#8217;une des plus connues est celle des Shaolins. Parmi les styles issus des Shaolins, on trouve le Hung [&hellip;]\" \/>\n<meta property=\"og:url\" content=\"https:\/\/yhgkungfumontpellier.fr\/?page_id=189\" \/>\n<meta property=\"og:site_name\" content=\"Yee&#039;s Hung Ga Kung Fu Montpellier - COURS\" \/>\n<meta property=\"article:publisher\" content=\"https:\/\/fr-fr.facebook.com\/yeeshunggafrance\/\" \/>\n<meta property=\"article:modified_time\" content=\"2025-06-25T19:36:11+00:00\" \/>\n<meta name=\"twitter:card\" content=\"summary_large_image\" \/>\n<meta name=\"twitter:label1\" content=\"Est. reading time\" \/>\n\t<meta name=\"twitter:data1\" content=\"3 minutes\" \/>\n<script type=\"application\/ld+json\" class=\"yoast-schema-graph\">{\"@context\":\"https:\/\/schema.org\",\"@graph\":[{\"@type\":\"Organization\",\"@id\":\"https:\/\/yhgkungfumontpellier.fr\/#organization\",\"name\":\"Yee's Hung Ga Kung Fu Montpellier\",\"url\":\"https:\/\/yhgkungfumontpellier.fr\/\",\"sameAs\":[\"https:\/\/fr-fr.facebook.com\/yeeshunggafrance\/\",\"https:\/\/www.instagram.com\/yhgmontpellier\/\",\"https:\/\/www.youtube.com\/channel\/UC_-w28yUQa64v8PVZTrOA2Q?app=desktop\"],\"logo\":{\"@type\":\"ImageObject\",\"@id\":\"https:\/\/yhgkungfumontpellier.fr\/#logo\",\"inLanguage\":\"en-US\",\"url\":\"http:\/\/yhgkungfumontpellier.fr\/wp-content\/uploads\/2022\/01\/cropped-cropped-Christian_YHG_Rouge-big.png\",\"contentUrl\":\"http:\/\/yhgkungfumontpellier.fr\/wp-content\/uploads\/2022\/01\/cropped-cropped-Christian_YHG_Rouge-big.png\",\"width\":1998,\"height\":1701,\"caption\":\"Yee's Hung Ga Kung Fu Montpellier\"},\"image\":{\"@id\":\"https:\/\/yhgkungfumontpellier.fr\/#logo\"}},{\"@type\":\"WebSite\",\"@id\":\"https:\/\/yhgkungfumontpellier.fr\/#website\",\"url\":\"https:\/\/yhgkungfumontpellier.fr\/\",\"name\":\"Yee&#039;s Hung Ga Kung Fu Montpellier - COURS\",\"description\":\"Yee&#039;s Hung Ga Kung Fu Montpellier - Art martial\",\"publisher\":{\"@id\":\"https:\/\/yhgkungfumontpellier.fr\/#organization\"},\"potentialAction\":[{\"@type\":\"SearchAction\",\"target\":{\"@type\":\"EntryPoint\",\"urlTemplate\":\"https:\/\/yhgkungfumontpellier.fr\/?s={search_term_string}\"},\"query-input\":\"required name=search_term_string\"}],\"inLanguage\":\"en-US\"},{\"@type\":\"WebPage\",\"@id\":\"https:\/\/yhgkungfumontpellier.fr\/?page_id=189#webpage\",\"url\":\"https:\/\/yhgkungfumontpellier.fr\/?page_id=189\",\"name\":\"Notre style - Yee&#039;s Hung Ga Kung Fu Montpellier - COURS\",\"isPartOf\":{\"@id\":\"https:\/\/yhgkungfumontpellier.fr\/#website\"},\"datePublished\":\"2022-01-30T08:27:20+00:00\",\"dateModified\":\"2025-06-25T19:36:11+00:00\",\"breadcrumb\":{\"@id\":\"https:\/\/yhgkungfumontpellier.fr\/?page_id=189#breadcrumb\"},\"inLanguage\":\"en-US\",\"potentialAction\":[{\"@type\":\"ReadAction\",\"target\":[\"https:\/\/yhgkungfumontpellier.fr\/?page_id=189\"]}]},{\"@type\":\"BreadcrumbList\",\"@id\":\"https:\/\/yhgkungfumontpellier.fr\/?page_id=189#breadcrumb\",\"itemListElement\":[{\"@type\":\"ListItem\",\"position\":1,\"name\":\"Accueil\",\"item\":\"https:\/\/yhgkungfumontpellier.fr\/\"},{\"@type\":\"ListItem\",\"position\":2,\"name\":\"Notre style\"}]}]}<\/script>\n<!-- \/ Yoast SEO plugin. -->","yoast_head_json":{"title":"Notre style - Yee&#039;s Hung Ga Kung Fu Montpellier - COURS","robots":{"index":"index","follow":"follow","max-snippet":"max-snippet:-1","max-image-preview":"max-image-preview:large","max-video-preview":"max-video-preview:-1"},"canonical":"https:\/\/yhgkungfumontpellier.fr\/?page_id=189","og_locale":"en_US","og_type":"article","og_title":"Notre style - Yee&#039;s Hung Ga Kung Fu Montpellier - COURS","og_description":"Qu&#8217;est-ce que le kung fu?&nbsp; Qu&#8217;est-ce que le kung fu? Le Kung Fu est un art martial chinois, vieux de plusieurs milliers d&#8217;ann\u00e9es, il a \u00e9t\u00e9 d\u00e9velopp\u00e9 comme outil de d\u00e9fense. Il existe plusieurs styles et lign\u00e9es. L&#8217;une des plus connues est celle des Shaolins. Parmi les styles issus des Shaolins, on trouve le Hung [&hellip;]","og_url":"https:\/\/yhgkungfumontpellier.fr\/?page_id=189","og_site_name":"Yee&#039;s Hung Ga Kung Fu Montpellier - COURS","article_publisher":"https:\/\/fr-fr.facebook.com\/yeeshunggafrance\/","article_modified_time":"2025-06-25T19:36:11+00:00","twitter_card":"summary_large_image","twitter_misc":{"Est. reading time":"3 minutes"},"schema":{"@context":"https:\/\/schema.org","@graph":[{"@type":"Organization","@id":"https:\/\/yhgkungfumontpellier.fr\/#organization","name":"Yee's Hung Ga Kung Fu Montpellier","url":"https:\/\/yhgkungfumontpellier.fr\/","sameAs":["https:\/\/fr-fr.facebook.com\/yeeshunggafrance\/","https:\/\/www.instagram.com\/yhgmontpellier\/","https:\/\/www.youtube.com\/channel\/UC_-w28yUQa64v8PVZTrOA2Q?app=desktop"],"logo":{"@type":"ImageObject","@id":"https:\/\/yhgkungfumontpellier.fr\/#logo","inLanguage":"en-US","url":"http:\/\/yhgkungfumontpellier.fr\/wp-content\/uploads\/2022\/01\/cropped-cropped-Christian_YHG_Rouge-big.png","contentUrl":"http:\/\/yhgkungfumontpellier.fr\/wp-content\/uploads\/2022\/01\/cropped-cropped-Christian_YHG_Rouge-big.png","width":1998,"height":1701,"caption":"Yee's Hung Ga Kung Fu Montpellier"},"image":{"@id":"https:\/\/yhgkungfumontpellier.fr\/#logo"}},{"@type":"WebSite","@id":"https:\/\/yhgkungfumontpellier.fr\/#website","url":"https:\/\/yhgkungfumontpellier.fr\/","name":"Yee&#039;s Hung Ga Kung Fu Montpellier - COURS","description":"Yee&#039;s Hung Ga Kung Fu Montpellier - Art martial","publisher":{"@id":"https:\/\/yhgkungfumontpellier.fr\/#organization"},"potentialAction":[{"@type":"SearchAction","target":{"@type":"EntryPoint","urlTemplate":"https:\/\/yhgkungfumontpellier.fr\/?s={search_term_string}"},"query-input":"required name=search_term_string"}],"inLanguage":"en-US"},{"@type":"WebPage","@id":"https:\/\/yhgkungfumontpellier.fr\/?page_id=189#webpage","url":"https:\/\/yhgkungfumontpellier.fr\/?page_id=189","name":"Notre style - Yee&#039;s Hung Ga Kung Fu Montpellier - COURS","isPartOf":{"@id":"https:\/\/yhgkungfumontpellier.fr\/#website"},"datePublished":"2022-01-30T08:27:20+00:00","dateModified":"2025-06-25T19:36:11+00:00","breadcrumb":{"@id":"https:\/\/yhgkungfumontpellier.fr\/?page_id=189#breadcrumb"},"inLanguage":"en-US","potentialAction":[{"@type":"ReadAction","target":["https:\/\/yhgkungfumontpellier.fr\/?page_id=189"]}]},{"@type":"BreadcrumbList","@id":"https:\/\/yhgkungfumontpellier.fr\/?page_id=189#breadcrumb","itemListElement":[{"@type":"ListItem","position":1,"name":"Accueil","item":"https:\/\/yhgkungfumontpellier.fr\/"},{"@type":"ListItem","position":2,"name":"Notre style"}]}]}},"_links":{"self":[{"href":"https:\/\/yhgkungfumontpellier.fr\/index.php?rest_route=\/wp\/v2\/pages\/189","targetHints":{"allow":["GET"]}}],"collection":[{"href":"https:\/\/yhgkungfumontpellier.fr\/index.php?rest_route=\/wp\/v2\/pages"}],"about":[{"href":"https:\/\/yhgkungfumontpellier.fr\/index.php?rest_route=\/wp\/v2\/types\/page"}],"author":[{"embeddable":true,"href":"https:\/\/yhgkungfumontpellier.fr\/index.php?rest_route=\/wp\/v2\/users\/1"}],"replies":[{"embeddable":true,"href":"https:\/\/yhgkungfumontpellier.fr\/index.php?rest_route=%2Fwp%2Fv2%2Fcomments&post=189"}],"version-history":[{"count":18,"href":"https:\/\/yhgkungfumontpellier.fr\/index.php?rest_route=\/wp\/v2\/pages\/189\/revisions"}],"predecessor-version":[{"id":1061,"href":"https:\/\/yhgkungfumontpellier.fr\/index.php?rest_route=\/wp\/v2\/pages\/189\/revisions\/1061"}],"wp:attachment":[{"href":"https:\/\/yhgkungfumontpellier.fr\/index.php?rest_route=%2Fwp%2Fv2%2Fmedia&parent=189"}],"curies":[{"name":"wp","href":"https:\/\/api.w.org\/{rel}","templated":true}]}}